{"id":2795,"date":"2021-08-09T09:49:24","date_gmt":"2021-08-09T08:49:24","guid":{"rendered":"http:\/\/www.logobio.fr\/?page_id=2795"},"modified":"2022-08-12T06:24:51","modified_gmt":"2022-08-12T05:24:51","slug":"6eme","status":"publish","type":"page","link":"https:\/\/www.logobio.fr\/?page_id=2795","title":{"rendered":"6\u00e8me"},"content":{"rendered":"\n<h2 class=\"has-text-align-center has-background wp-block-heading\" style=\"background-color:#f3f9d90a\">Premi\u00e8re partie : <br>Composition de notre environnement.<\/h2>\n\n\n\n<p class=\"has-text-align-left\"><em>C&rsquo;est l&rsquo;occasion d&rsquo;apprendre \u00e0 utiliser des outils d&rsquo;observations.<br>On met en place des m\u00e9thodes avec des symboles pour se rep\u00e9rer dans les missions  \u00e0 effectuer.<br><strong>A la fin de cette partie<\/strong> : tu seras capable de d\u00e9terminer les diff\u00e9rentes cat\u00e9gories d&rsquo;\u00e9l\u00e9ments qui t&rsquo;entourent et de trouver le point commun de tous les \u00eatres vivants.<\/em><\/p>\n\n\n\n<p class=\"has-text-align-left\"><strong>1.1 D\u00e9couverte de notre environnement proche.<\/strong><\/p>\n\n\n\n<p><strong>1.2 Caract\u00e9ristiques des \u00eatres vivants.<\/strong><\/p>\n\n\n\n<figure class=\"wp-block-embed is-type-wp-embed is-provider-genially wp-block-embed-genially\"><div class=\"wp-block-embed__wrapper\">\n<iframe class=\"wp-embedded-content\" sandbox=\"allow-scripts\" security=\"restricted\" title=\"D\u00e9couvert d&#039;un environnement : le coll\u00e8ge.\" frameborder='0' width='1200' height='675' src='https:\/\/view.genial.ly\/613374ee003e770de0963edd#?secret=bgQyDg6K2T' data-secret='bgQyDg6K2T' scrolling='yes'><\/iframe>\n<\/div><\/figure>\n\n\n\n<figure class=\"wp-block-embed is-type-video is-provider-youtube wp-block-embed-youtube wp-embed-aspect-16-9 wp-has-aspect-ratio\"><div class=\"wp-block-embed__wrapper\">\n<iframe loading=\"lazy\" title=\"Comment s&#039;orienter avec une boussole et une carte IGN ?\" width=\"500\" height=\"281\" src=\"https:\/\/www.youtube.com\/embed\/XfFVhjWUrfw?feature=oembed\" frameborder=\"0\" allow=\"accelerometer; autoplay; clipboard-write; encrypted-media; gyroscope; picture-in-picture\" allowfullscreen><\/iframe>\n<\/div><\/figure>\n\n\n\n<h2 class=\"has-text-align-center wp-block-heading\">Deuxi\u00e8me partie :<br>Les \u00eatres vivants de la plan\u00e8te.<\/h2>\n\n\n\n<p><strong>2.1 Diversit\u00e9 des \u00eatres vivants.<\/strong><\/p>\n\n\n\n<p><strong>2.2 Notion d&rsquo;esp\u00e8ce.<\/strong><\/p>\n\n\n\n<p><strong>2.3 Classer les \u00eatres vivants.<\/strong><\/p>\n\n\n\n<p><strong>2.4 Modification des populations au cours du temps.<\/strong><\/p>\n\n\n\n<figure class=\"wp-block-embed is-type-wp-embed is-provider-genially wp-block-embed-genially\"><div class=\"wp-block-embed__wrapper\">\n<iframe class=\"wp-embedded-content\" sandbox=\"allow-scripts\" security=\"restricted\" title=\"Les \u00eatres vivants sur la plan\u00e8te (6eme)\" frameborder='0' width='1200' height='675' src='https:\/\/view.genial.ly\/61952a00425cc80dec59b4e9#?secret=6EpOCG6xuW' data-secret='6EpOCG6xuW' scrolling='yes'><\/iframe>\n<\/div><\/figure>\n\n\n\n<h2 class=\"has-text-align-center wp-block-heading\">Troisi\u00e8me partie :<br>Partir \u00e0 la conqu\u00eate de l&rsquo;espace .<\/h2>\n\n\n\n<p>Les besoins alimentaires de l&rsquo;\u00eatre humain.<\/p>\n\n\n\n<p>Produire des aliments.<\/p>\n\n\n\n<p>Attention microbes.<\/p>\n\n\n\n<p>La transformation des aliments.<\/p>\n\n\n\n<h2 class=\"has-text-align-center wp-block-heading\">Quatri\u00e8me partie :<br>Et pourquoi pas rester sur Terre ?<\/h2>\n\n\n\n<p>La terre dans le syst\u00e8me solaire.<\/p>\n\n\n\n<p>Les \u00eatres vivants dans leur \u00e9cosyst\u00e8me.<\/p>\n\n\n\n<p>La croissance des \u00eatres vivants.<\/p>\n\n\n\n<p>Quand les v\u00e9g\u00e9taux se reproduisent.<\/p>\n\n\n\n<p>Les cycles de vie des animaux.<\/p>\n\n\n\n<h2 class=\"has-text-align-center wp-block-heading\">Cinqui\u00e8me partie : <br>une plan\u00e8te en mouvement .<\/h2>\n\n\n\n<p>L&rsquo; activit\u00e9 externe de la terre.<\/p>\n\n\n\n<p>L&rsquo;activit\u00e9 interne de la plan\u00e8te.<\/p>\n\n\n\n<p><\/p>\n","protected":false},"excerpt":{"rendered":"<p>Premi\u00e8re partie : Composition de notre environnement. C&rsquo;est l&rsquo;occasion d&rsquo;apprendre \u00e0 utiliser des outils d&rsquo;observations.On met en place des m\u00e9thodes avec des symboles pour se rep\u00e9rer dans les missions \u00e0 effectuer.A la fin de cette partie : tu seras capable de d\u00e9terminer les diff\u00e9rentes cat\u00e9gories d&rsquo;\u00e9l\u00e9ments qui t&rsquo;entourent et de trouver le point commun de [&hellip;]<\/p>\n","protected":false},"author":1,"featured_media":2344,"parent":0,"menu_order":0,"comment_status":"closed","ping_status":"closed","template":"","meta":{"footnotes":""},"_links":{"self":[{"href":"https:\/\/www.logobio.fr\/index.php?rest_route=\/wp\/v2\/pages\/2795"}],"collection":[{"href":"https:\/\/www.logobio.fr\/index.php?rest_route=\/wp\/v2\/pages"}],"about":[{"href":"https:\/\/www.logobio.fr\/index.php?rest_route=\/wp\/v2\/types\/page"}],"author":[{"embeddable":true,"href":"https:\/\/www.logobio.fr\/index.php?rest_route=\/wp\/v2\/users\/1"}],"replies":[{"embeddable":true,"href":"https:\/\/www.logobio.fr\/index.php?rest_route=%2Fwp%2Fv2%2Fcomments&post=2795"}],"version-history":[{"count":11,"href":"https:\/\/www.logobio.fr\/index.php?rest_route=\/wp\/v2\/pages\/2795\/revisions"}],"predecessor-version":[{"id":2943,"href":"https:\/\/www.logobio.fr\/index.php?rest_route=\/wp\/v2\/pages\/2795\/revisions\/2943"}],"wp:featuredmedia":[{"embeddable":true,"href":"https:\/\/www.logobio.fr\/index.php?rest_route=\/wp\/v2\/media\/2344"}],"wp:attachment":[{"href":"https:\/\/www.logobio.fr\/index.php?rest_route=%2Fwp%2Fv2%2Fmedia&parent=2795"}],"curies":[{"name":"wp","href":"https:\/\/api.w.org\/{rel}","templated":true}]}}