{"id":2676,"date":"2020-08-03T13:54:56","date_gmt":"2020-08-03T12:54:56","guid":{"rendered":"http:\/\/www.logobio.fr\/?page_id=2676"},"modified":"2020-08-19T15:24:34","modified_gmt":"2020-08-19T14:24:34","slug":"les-cours-de-troisieme","status":"publish","type":"page","link":"https:\/\/www.logobio.fr\/?page_id=2676","title":{"rendered":"Les cours de troisi\u00e8me"},"content":{"rendered":"\n<div class=\"wp-block-columns alignwide is-layout-flex wp-container-core-columns-layout-1 wp-block-columns-is-layout-flex\">\n<div class=\"wp-block-column is-layout-flow wp-block-column-is-layout-flow\">\n<p class=\"has-text-align-left has-black-color has-text-color\">La plan\u00e8te Terre, l&rsquo;environnement et l&rsquo;activit\u00e9 humaine.<\/p>\n\n\n\n<div class=\"wp-block-buttons is-layout-flex wp-block-buttons-is-layout-flex\">\n<div class=\"wp-block-button is-style-outline\"><a class=\"wp-block-button__link has-text-color\" href=\"https:\/\/www.logobio.fr\/?page_id=1220\" style=\"border-radius:50px;color:#ba0c49\" target=\"_blank\" rel=\"noreferrer noopener\">Th\u00e8me 1<\/a><\/div>\n<\/div>\n<\/div>\n\n\n\n<div class=\"wp-block-column is-layout-flow wp-block-column-is-layout-flow\">\n<p class=\"has-text-align-left has-black-color has-text-color\">Le vivant et son \u00e9volution.<br><\/p>\n\n\n\n<div class=\"wp-block-buttons is-layout-flex wp-block-buttons-is-layout-flex\">\n<div class=\"wp-block-button is-style-outline\"><a class=\"wp-block-button__link has-text-color\" href=\"https:\/\/www.logobio.fr\/?page_id=1322\" style=\"border-radius:50px;color:#ba0c49\" target=\"_blank\" rel=\"noreferrer noopener\">Th\u00e8me 2<\/a><\/div>\n<\/div>\n<\/div>\n\n\n\n<div class=\"wp-block-column is-layout-flow wp-block-column-is-layout-flow\">\n<p class=\"has-text-align-left has-black-color has-text-color\">Le corps humain et la sant\u00e9.<br><\/p>\n\n\n\n<div class=\"wp-block-buttons is-layout-flex wp-block-buttons-is-layout-flex\">\n<div class=\"wp-block-button is-style-outline\"><a class=\"wp-block-button__link has-text-color\" href=\"https:\/\/www.logobio.fr\/?page_id=1324\" style=\"border-radius:50px;color:#ba0c49\" target=\"_blank\" rel=\"noreferrer noopener\">Th\u00e8me 3<\/a><\/div>\n<\/div>\n<\/div>\n<\/div>\n\n\n\n<p><em>Remarque : Le cours complet de Monsieur Pakula est disponible \u00e0 partir de L&rsquo; ENT ou en allant dans les plans de travail de la partie ressources.<\/em><\/p>\n\n\n\n<p>Tu trouveras ici un r\u00e9sum\u00e9 de chaque chapitre r\u00e9alis\u00e9 par un un un collectif d\u2019\u00e9l\u00e8ves.<\/p>\n\n\n\n<figure class=\"wp-block-table\"><table class=\"has-subtle-light-gray-background-color has-background\"><thead><tr><th>th\u00e8me 1<br>la plan\u00e8te terre<\/th><th>th\u00e8me 2<br>le vivant et son \u00e9volution<\/th><th>th\u00e8me 3<br>le corps humain et la sant\u00e9<\/th><\/tr><\/thead><tbody><tr><td>G\u00e9odynamique terrestre et enjeux pour l&rsquo;\u00eatre humain.<\/td><td>La nutrition \u00e0 l&rsquo;\u00e9chelle cellulaire.<\/td><td>Fonctionnement de l&rsquo;organisme lors d&rsquo;un effort physique.<\/td><\/tr><tr><td>Ph\u00e9nom\u00e8nes m\u00e9t\u00e9orologiques et climatiques.<\/td><td>La reproduction des esp\u00e8ces et le peuplement du milieu.<\/td><td>Syst\u00e8me nerveux et comportement responsable.<\/td><\/tr><tr><td>L\u2019exploitation des ressources naturelles.<\/td><td>De la diversit\u00e9 g\u00e9n\u00e9tique \u00e0 la biodiversit\u00e9.<\/td><td>Des aliments aux nutriments.<\/td><\/tr><tr><td>\u00c9cosyst\u00e8me et activit\u00e9s humaines.<\/td><td>Les liens de parent\u00e9 entre les \u00eatre vivants.<\/td><td>L&rsquo;organisme face \u00e0 une attaque microbienne.<\/td><\/tr><tr><td><\/td><td>L&rsquo;\u00e9volution de la biodiversit\u00e9.<\/td><td>Le contr\u00f4le de la reproduction.<\/td><\/tr><\/tbody><\/table><figcaption>N&rsquo;oubliez pas de revoir les parties \u00e9tudi\u00e9es en 5\u00e8me et 4\u00e8me avant de commencer la partie 3\u00e8me.<br>PS : Finaliser vos fiches de r\u00e9visions \u00e0 la fin de chaque chapitre.<\/figcaption><\/figure>\n","protected":false},"excerpt":{"rendered":"<p>Remarque : Le cours complet de Monsieur Pakula est disponible \u00e0 partir de L&rsquo; ENT ou en allant dans les plans de travail de la partie ressources. Tu trouveras ici un r\u00e9sum\u00e9 de chaque chapitre r\u00e9alis\u00e9 par un un un collectif d\u2019\u00e9l\u00e8ves. th\u00e8me 1la plan\u00e8te terre th\u00e8me 2le vivant et son \u00e9volution th\u00e8me 3le corps [&hellip;]<\/p>\n","protected":false},"author":1,"featured_media":0,"parent":2600,"menu_order":1,"comment_status":"closed","ping_status":"closed","template":"","meta":{"footnotes":""},"_links":{"self":[{"href":"https:\/\/www.logobio.fr\/index.php?rest_route=\/wp\/v2\/pages\/2676"}],"collection":[{"href":"https:\/\/www.logobio.fr\/index.php?rest_route=\/wp\/v2\/pages"}],"about":[{"href":"https:\/\/www.logobio.fr\/index.php?rest_route=\/wp\/v2\/types\/page"}],"author":[{"embeddable":true,"href":"https:\/\/www.logobio.fr\/index.php?rest_route=\/wp\/v2\/users\/1"}],"replies":[{"embeddable":true,"href":"https:\/\/www.logobio.fr\/index.php?rest_route=%2Fwp%2Fv2%2Fcomments&post=2676"}],"version-history":[{"count":4,"href":"https:\/\/www.logobio.fr\/index.php?rest_route=\/wp\/v2\/pages\/2676\/revisions"}],"predecessor-version":[{"id":2734,"href":"https:\/\/www.logobio.fr\/index.php?rest_route=\/wp\/v2\/pages\/2676\/revisions\/2734"}],"up":[{"embeddable":true,"href":"https:\/\/www.logobio.fr\/index.php?rest_route=\/wp\/v2\/pages\/2600"}],"wp:attachment":[{"href":"https:\/\/www.logobio.fr\/index.php?rest_route=%2Fwp%2Fv2%2Fmedia&parent=2676"}],"curies":[{"name":"wp","href":"https:\/\/api.w.org\/{rel}","templated":true}]}}