{"id":2669,"date":"2020-08-03T13:48:25","date_gmt":"2020-08-03T12:48:25","guid":{"rendered":"http:\/\/www.logobio.fr\/?page_id=2669"},"modified":"2020-08-03T13:53:30","modified_gmt":"2020-08-03T12:53:30","slug":"le-programme-de-3eme","status":"publish","type":"page","link":"https:\/\/www.logobio.fr\/?page_id=2669","title":{"rendered":"Le programme de 3\u00e8me."},"content":{"rendered":"\n<p>L&rsquo;ann\u00e9e de troisi\u00e8me et l&rsquo;occasion de faire la synth\u00e8se de l&rsquo;ensemble des enseignements du cycle 4.<\/p>\n\n\n\n<p>Pour les chapitres d\u00e9j\u00e0 commenc\u00e9s en cinqui\u00e8me et quatri\u00e8me, une r\u00e9vision de ce qui a \u00e9t\u00e9 fait est syst\u00e9matique avant l&rsquo;\u00e9tude de la partie compl\u00e9mentaire de 3\u00e8me.<\/p>\n\n\n\n<p>L&rsquo;ann\u00e9e de troisi\u00e8me est l&rsquo;occasion de parfaire les m\u00e9thodes de travail individuelles et collectives.<\/p>\n\n\n\n<p>C&rsquo;est aussi le moment de combler les \u00e9ventuelles lacunes qui ont pu s&rsquo;accumuler au long du cycle 4. <br>Un bilan du livret de comp\u00e9tences pourra vous permettre de cibler les efforts \u00e0 fournir.<\/p>\n\n\n\n<div class=\"wp-block-file\"><a href=\"https:\/\/www.logobio.fr\/wp-content\/uploads\/2020\/08\/Document11-1.pdf\">Programme du cycle 4 en SVT<\/a><a href=\"https:\/\/www.logobio.fr\/wp-content\/uploads\/2020\/08\/Document11-1.pdf\" class=\"wp-block-file__button\" download>T\u00e9l\u00e9charger<\/a><\/div>\n\n\n\n<p>Bonne ann\u00e9e scolaire !!<\/p>\n","protected":false},"excerpt":{"rendered":"<p>L&rsquo;ann\u00e9e de troisi\u00e8me et l&rsquo;occasion de faire la synth\u00e8se de l&rsquo;ensemble des enseignements du cycle 4. Pour les chapitres d\u00e9j\u00e0 commenc\u00e9s en cinqui\u00e8me et quatri\u00e8me, une r\u00e9vision de ce qui a \u00e9t\u00e9 fait est syst\u00e9matique avant l&rsquo;\u00e9tude de la partie compl\u00e9mentaire de 3\u00e8me. L&rsquo;ann\u00e9e de troisi\u00e8me est l&rsquo;occasion de parfaire les m\u00e9thodes de travail individuelles [&hellip;]<\/p>\n","protected":false},"author":1,"featured_media":0,"parent":2600,"menu_order":1,"comment_status":"closed","ping_status":"closed","template":"","meta":{"footnotes":""},"_links":{"self":[{"href":"https:\/\/www.logobio.fr\/index.php?rest_route=\/wp\/v2\/pages\/2669"}],"collection":[{"href":"https:\/\/www.logobio.fr\/index.php?rest_route=\/wp\/v2\/pages"}],"about":[{"href":"https:\/\/www.logobio.fr\/index.php?rest_route=\/wp\/v2\/types\/page"}],"author":[{"embeddable":true,"href":"https:\/\/www.logobio.fr\/index.php?rest_route=\/wp\/v2\/users\/1"}],"replies":[{"embeddable":true,"href":"https:\/\/www.logobio.fr\/index.php?rest_route=%2Fwp%2Fv2%2Fcomments&post=2669"}],"version-history":[{"count":2,"href":"https:\/\/www.logobio.fr\/index.php?rest_route=\/wp\/v2\/pages\/2669\/revisions"}],"predecessor-version":[{"id":2675,"href":"https:\/\/www.logobio.fr\/index.php?rest_route=\/wp\/v2\/pages\/2669\/revisions\/2675"}],"up":[{"embeddable":true,"href":"https:\/\/www.logobio.fr\/index.php?rest_route=\/wp\/v2\/pages\/2600"}],"wp:attachment":[{"href":"https:\/\/www.logobio.fr\/index.php?rest_route=%2Fwp%2Fv2%2Fmedia&parent=2669"}],"curies":[{"name":"wp","href":"https:\/\/api.w.org\/{rel}","templated":true}]}}