{"id":2657,"date":"2020-08-03T12:59:42","date_gmt":"2020-08-03T11:59:42","guid":{"rendered":"http:\/\/www.logobio.fr\/?page_id=2657"},"modified":"2020-08-03T13:01:42","modified_gmt":"2020-08-03T12:01:42","slug":"le-programme-de-4eme","status":"publish","type":"page","link":"https:\/\/www.logobio.fr\/?page_id=2657","title":{"rendered":"Le programme de 4\u00e8me"},"content":{"rendered":"\n<p>Le programme de quatri\u00e8me comprend des chapitres qui ont \u00e9t\u00e9 commenc\u00e9s en 5\u00e8me et des nouveaux chapitres.<\/p>\n\n\n\n<div class=\"wp-block-file\"><a href=\"https:\/\/www.logobio.fr\/wp-content\/uploads\/2020\/08\/Document11-1.pdf\">Programme du cycle 4 en SVT<\/a><a href=\"https:\/\/www.logobio.fr\/wp-content\/uploads\/2020\/08\/Document11-1.pdf\" class=\"wp-block-file__button\" download>T\u00e9l\u00e9charger<\/a><\/div>\n\n\n\n<p>Objectif  : A la fin de l&rsquo;ann\u00e9e de 4\u00e8me on attend de toi  d&rsquo;\u00eatre autonome dans la r\u00e9solution d&rsquo;un probl\u00e8me en choisissant toi m\u00eame les outils et les d\u00e9marches que tu auras \u00e9tudi\u00e9 tout au long de l&rsquo;ann\u00e9e.<\/p>\n\n\n\n<p>La ma\u00eetrise des connaissances du programme est un atout pour ce travail.<\/p>\n\n\n\n<h2 class=\"wp-block-heading\"><\/h2>\n","protected":false},"excerpt":{"rendered":"<p>Le programme de quatri\u00e8me comprend des chapitres qui ont \u00e9t\u00e9 commenc\u00e9s en 5\u00e8me et des nouveaux chapitres. Objectif : A la fin de l&rsquo;ann\u00e9e de 4\u00e8me on attend de toi d&rsquo;\u00eatre autonome dans la r\u00e9solution d&rsquo;un probl\u00e8me en choisissant toi m\u00eame les outils et les d\u00e9marches que tu auras \u00e9tudi\u00e9 tout au long de l&rsquo;ann\u00e9e. [&hellip;]<\/p>\n","protected":false},"author":1,"featured_media":0,"parent":2598,"menu_order":1,"comment_status":"closed","ping_status":"closed","template":"","meta":{"footnotes":""},"_links":{"self":[{"href":"https:\/\/www.logobio.fr\/index.php?rest_route=\/wp\/v2\/pages\/2657"}],"collection":[{"href":"https:\/\/www.logobio.fr\/index.php?rest_route=\/wp\/v2\/pages"}],"about":[{"href":"https:\/\/www.logobio.fr\/index.php?rest_route=\/wp\/v2\/types\/page"}],"author":[{"embeddable":true,"href":"https:\/\/www.logobio.fr\/index.php?rest_route=\/wp\/v2\/users\/1"}],"replies":[{"embeddable":true,"href":"https:\/\/www.logobio.fr\/index.php?rest_route=%2Fwp%2Fv2%2Fcomments&post=2657"}],"version-history":[{"count":2,"href":"https:\/\/www.logobio.fr\/index.php?rest_route=\/wp\/v2\/pages\/2657\/revisions"}],"predecessor-version":[{"id":2661,"href":"https:\/\/www.logobio.fr\/index.php?rest_route=\/wp\/v2\/pages\/2657\/revisions\/2661"}],"up":[{"embeddable":true,"href":"https:\/\/www.logobio.fr\/index.php?rest_route=\/wp\/v2\/pages\/2598"}],"wp:attachment":[{"href":"https:\/\/www.logobio.fr\/index.php?rest_route=%2Fwp%2Fv2%2Fmedia&parent=2657"}],"curies":[{"name":"wp","href":"https:\/\/api.w.org\/{rel}","templated":true}]}}