{"id":2647,"date":"2020-08-03T08:32:05","date_gmt":"2020-08-03T07:32:05","guid":{"rendered":"http:\/\/www.logobio.fr\/?page_id=2647"},"modified":"2020-08-19T15:21:00","modified_gmt":"2020-08-19T14:21:00","slug":"les-cours-de-cinquieme","status":"publish","type":"page","link":"https:\/\/www.logobio.fr\/?page_id=2647","title":{"rendered":"Les cours de 5\u00e8me"},"content":{"rendered":"\n<p>L&rsquo;essentiel du cours de SVT  par th\u00e8me d&rsquo;\u00e9tude : <\/p>\n\n\n\n<div class=\"wp-block-group alignwide\"><div class=\"wp-block-group__inner-container is-layout-flow wp-block-group-is-layout-flow\">\n<div class=\"wp-block-columns alignwide is-layout-flex wp-container-core-columns-layout-1 wp-block-columns-is-layout-flex\">\n<div class=\"wp-block-column is-layout-flow wp-block-column-is-layout-flow\">\n<p class=\"has-text-align-left has-black-color has-text-color\">La plan\u00e8te Terre, l&rsquo;environnement et l&rsquo;activit\u00e9 humaine.<\/p>\n\n\n\n<div class=\"wp-block-buttons is-layout-flex wp-block-buttons-is-layout-flex\">\n<div class=\"wp-block-button is-style-outline\"><a class=\"wp-block-button__link has-text-color\" href=\"https:\/\/www.logobio.fr\/?page_id=1220\" style=\"border-radius:50px;color:#ba0c49\" target=\"_blank\" rel=\"noreferrer noopener\">Th\u00e8me 1<\/a><\/div>\n<\/div>\n<\/div>\n\n\n\n<div class=\"wp-block-column is-layout-flow wp-block-column-is-layout-flow\">\n<p class=\"has-text-align-left has-black-color has-text-color\">Le vivant et son \u00e9volution.<br><\/p>\n\n\n\n<div class=\"wp-block-buttons is-layout-flex wp-block-buttons-is-layout-flex\">\n<div class=\"wp-block-button is-style-outline\"><a class=\"wp-block-button__link has-text-color\" href=\"https:\/\/www.logobio.fr\/?page_id=1322\" style=\"border-radius:50px;color:#ba0c49\" target=\"_blank\" rel=\"noreferrer noopener\">Th\u00e8me 2<\/a><\/div>\n<\/div>\n<\/div>\n\n\n\n<div class=\"wp-block-column is-layout-flow wp-block-column-is-layout-flow\">\n<p class=\"has-text-align-left has-black-color has-text-color\">Le corps humain et la sant\u00e9.<br><\/p>\n\n\n\n<div class=\"wp-block-buttons is-layout-flex wp-block-buttons-is-layout-flex\">\n<div class=\"wp-block-button is-style-outline\"><a class=\"wp-block-button__link has-text-color\" href=\"https:\/\/www.logobio.fr\/?page_id=1324\" style=\"border-radius:50px;color:#ba0c49\" target=\"_blank\" rel=\"noreferrer noopener\">Th\u00e8me 3<\/a><\/div>\n<\/div>\n<\/div>\n<\/div>\n<\/div><\/div>\n\n\n\n<p><em>Remarque : Le cours complet de Monsieur Pakula est disponible \u00e0 partir de L&rsquo; ENT ou en allant dans les plans de travail de la partie ressources.<\/em><\/p>\n\n\n\n<p>Tu trouveras ici un r\u00e9sum\u00e9 de chaque chapitre r\u00e9alis\u00e9 par un un un collectif d&rsquo;\u00e9l\u00e8ves.<\/p>\n\n\n\n<figure class=\"wp-block-table\"><table class=\"has-subtle-light-gray-background-color has-fixed-layout has-background\"><thead><tr><th>th\u00e8me 1<br>la plan\u00e8te terre<\/th><th>th\u00e8me 2<br>le vivant et son \u00e9volution<\/th><th>th\u00e8me 3<br>le corps humain et la sant\u00e9<\/th><\/tr><\/thead><tbody><tr><td>La terre dans le syst\u00e8me solaire.<\/td><td>Les \u00e9changes n\u00e9cessaires \u00e0 la vie.<\/td><td>Fonctionnement de l&rsquo;organisme lors d&rsquo;un effort physique.<\/td><\/tr><tr><td>Ph\u00e9nom\u00e8nes m\u00e9t\u00e9orologiques et climatiques.<\/td><td>Strat\u00e9gie de reproduction et maintien du vivant.<\/td><td>syst\u00e8me nerveux et comportement responsable.<\/td><\/tr><tr><td>L&rsquo;exploitation des ressources naturelles.<\/td><td>La diversit\u00e9 des esp\u00e8ces et des individus.<\/td><td>Fonctionnement de l&rsquo;appareil digestif.<\/td><\/tr><tr><td>\u00c9cosyst\u00e8me et activit\u00e9s humaines.<\/td><td>La modification de la biodiversit\u00e9 au cours du temps.<\/td><td>R\u00e9gime et \u00e9quilibre alimentaire.<\/td><\/tr><tr><td><\/td><td><\/td><td>Les micro-organismes dans notre environnement.<\/td><\/tr><tr><td><\/td><td><\/td><td>La production de cellules reproductrices.<\/td><\/tr><\/tbody><\/table><figcaption>la mission des \u00e9l\u00e8ves, si ils l&rsquo;acceptent, et de cr\u00e9er un r\u00e9sum\u00e9 du chapitre sous la forme de leur choix. <\/figcaption><\/figure>\n","protected":false},"excerpt":{"rendered":"<p>L&rsquo;essentiel du cours de SVT par th\u00e8me d&rsquo;\u00e9tude : Remarque : Le cours complet de Monsieur Pakula est disponible \u00e0 partir de L&rsquo; ENT ou en allant dans les plans de travail de la partie ressources. Tu trouveras ici un r\u00e9sum\u00e9 de chaque chapitre r\u00e9alis\u00e9 par un un un collectif d&rsquo;\u00e9l\u00e8ves. th\u00e8me 1la plan\u00e8te terre [&hellip;]<\/p>\n","protected":false},"author":1,"featured_media":0,"parent":2596,"menu_order":1,"comment_status":"closed","ping_status":"closed","template":"","meta":{"footnotes":""},"_links":{"self":[{"href":"https:\/\/www.logobio.fr\/index.php?rest_route=\/wp\/v2\/pages\/2647"}],"collection":[{"href":"https:\/\/www.logobio.fr\/index.php?rest_route=\/wp\/v2\/pages"}],"about":[{"href":"https:\/\/www.logobio.fr\/index.php?rest_route=\/wp\/v2\/types\/page"}],"author":[{"embeddable":true,"href":"https:\/\/www.logobio.fr\/index.php?rest_route=\/wp\/v2\/users\/1"}],"replies":[{"embeddable":true,"href":"https:\/\/www.logobio.fr\/index.php?rest_route=%2Fwp%2Fv2%2Fcomments&post=2647"}],"version-history":[{"count":11,"href":"https:\/\/www.logobio.fr\/index.php?rest_route=\/wp\/v2\/pages\/2647\/revisions"}],"predecessor-version":[{"id":2731,"href":"https:\/\/www.logobio.fr\/index.php?rest_route=\/wp\/v2\/pages\/2647\/revisions\/2731"}],"up":[{"embeddable":true,"href":"https:\/\/www.logobio.fr\/index.php?rest_route=\/wp\/v2\/pages\/2596"}],"wp:attachment":[{"href":"https:\/\/www.logobio.fr\/index.php?rest_route=%2Fwp%2Fv2%2Fmedia&parent=2647"}],"curies":[{"name":"wp","href":"https:\/\/api.w.org\/{rel}","templated":true}]}}