{"id":2637,"date":"2020-08-01T11:01:47","date_gmt":"2020-08-01T10:01:47","guid":{"rendered":"http:\/\/www.logobio.fr\/?page_id=2637"},"modified":"2020-08-03T13:49:48","modified_gmt":"2020-08-03T12:49:48","slug":"le-programme-de-5eme","status":"publish","type":"page","link":"https:\/\/www.logobio.fr\/?page_id=2637","title":{"rendered":"Le programme de 5\u00e8me"},"content":{"rendered":"\n<p>le programme de cinqui\u00e8me s&rsquo;inscrit dans une logique de cycle.<\/p>\n\n\n\n<p>Certains chapitres ne seront vus qu&rsquo;en cinqui\u00e8me, d&rsquo;autres seront \u00e9tudi\u00e9s dans les ann\u00e9es suivantes ( 4eme et\/ou 3eme) , enfin certains seront aliment\u00e9s  chaque ann\u00e9e.  <\/p>\n\n\n\n<h4 class=\"wp-block-heading\">le programme pour l&rsquo;ensemble du cycle  4 avec des rep\u00e8res pour chaque ann\u00e9e :<\/h4>\n\n\n\n<div class=\"wp-block-file\"><a href=\"https:\/\/www.logobio.fr\/wp-content\/uploads\/2020\/08\/Document11-1.pdf\">Programme du cycle 4 en SVT<\/a><a href=\"https:\/\/www.logobio.fr\/wp-content\/uploads\/2020\/08\/Document11-1.pdf\" class=\"wp-block-file__button\" download>T\u00e9l\u00e9charger<\/a><\/div>\n\n\n\n<p>Bonne ann\u00e9e scolaire !!<\/p>\n","protected":false},"excerpt":{"rendered":"<p>le programme de cinqui\u00e8me s&rsquo;inscrit dans une logique de cycle. Certains chapitres ne seront vus qu&rsquo;en cinqui\u00e8me, d&rsquo;autres seront \u00e9tudi\u00e9s dans les ann\u00e9es suivantes ( 4eme et\/ou 3eme) , enfin certains seront aliment\u00e9s chaque ann\u00e9e. le programme pour l&rsquo;ensemble du cycle 4 avec des rep\u00e8res pour chaque ann\u00e9e : Bonne ann\u00e9e scolaire !!<\/p>\n","protected":false},"author":1,"featured_media":0,"parent":2596,"menu_order":1,"comment_status":"closed","ping_status":"closed","template":"","meta":{"footnotes":""},"_links":{"self":[{"href":"https:\/\/www.logobio.fr\/index.php?rest_route=\/wp\/v2\/pages\/2637"}],"collection":[{"href":"https:\/\/www.logobio.fr\/index.php?rest_route=\/wp\/v2\/pages"}],"about":[{"href":"https:\/\/www.logobio.fr\/index.php?rest_route=\/wp\/v2\/types\/page"}],"author":[{"embeddable":true,"href":"https:\/\/www.logobio.fr\/index.php?rest_route=\/wp\/v2\/users\/1"}],"replies":[{"embeddable":true,"href":"https:\/\/www.logobio.fr\/index.php?rest_route=%2Fwp%2Fv2%2Fcomments&post=2637"}],"version-history":[{"count":4,"href":"https:\/\/www.logobio.fr\/index.php?rest_route=\/wp\/v2\/pages\/2637\/revisions"}],"predecessor-version":[{"id":2671,"href":"https:\/\/www.logobio.fr\/index.php?rest_route=\/wp\/v2\/pages\/2637\/revisions\/2671"}],"up":[{"embeddable":true,"href":"https:\/\/www.logobio.fr\/index.php?rest_route=\/wp\/v2\/pages\/2596"}],"wp:attachment":[{"href":"https:\/\/www.logobio.fr\/index.php?rest_route=%2Fwp%2Fv2%2Fmedia&parent=2637"}],"curies":[{"name":"wp","href":"https:\/\/api.w.org\/{rel}","templated":true}]}}