{"id":2623,"date":"2020-07-31T20:08:33","date_gmt":"2020-07-31T19:08:33","guid":{"rendered":"http:\/\/www.logobio.fr\/?page_id=2623"},"modified":"2021-08-09T09:59:28","modified_gmt":"2021-08-09T08:59:28","slug":"projet","status":"publish","type":"page","link":"https:\/\/www.logobio.fr\/?page_id=2623","title":{"rendered":"Projets"},"content":{"rendered":"\n<p>L&rsquo;espace est d\u00e9di\u00e9 aux diff\u00e9rents projets des \u00e9l\u00e8ves au court de l&rsquo;ann\u00e9e.<\/p>\n\n\n\n<p>Certains projets sont propos\u00e9s d\u00e8s de le d\u00e9but de l&rsquo;ann\u00e9e, d&rsquo;autres verront le jour en fonction des envies et\/ou besoins des \u00e9l\u00e8ves.<\/p>\n\n\n\n<div class=\"wp-block-cover has-background-dim\"><img loading=\"lazy\" decoding=\"async\" width=\"500\" height=\"375\" class=\"wp-block-cover__image-background wp-image-2635\" alt=\"\" src=\"https:\/\/www.logobio.fr\/wp-content\/uploads\/2020\/07\/dfa2003c84eb31911e64b7d780884834.jpg\" data-object-fit=\"cover\" srcset=\"https:\/\/www.logobio.fr\/wp-content\/uploads\/2020\/07\/dfa2003c84eb31911e64b7d780884834.jpg 500w, https:\/\/www.logobio.fr\/wp-content\/uploads\/2020\/07\/dfa2003c84eb31911e64b7d780884834-300x225.jpg 300w\" sizes=\"(max-width: 500px) 100vw, 500px\" \/><div class=\"wp-block-cover__inner-container is-layout-flow wp-block-cover-is-layout-flow\">\n<p class=\"has-text-align-center has-large-font-size\">voyage en v\u00e9lo France\/Allemagne <\/p>\n\n\n\n<p class=\"has-text-align-center\">projet collaboratif autour de la d\u00e9couverte des \u00e9cosyst\u00e8mes des cultures et du tourisme vert.<\/p>\n<\/div><\/div>\n\n\n\n<p><\/p>\n","protected":false},"excerpt":{"rendered":"<p>L&rsquo;espace est d\u00e9di\u00e9 aux diff\u00e9rents projets des \u00e9l\u00e8ves au court de l&rsquo;ann\u00e9e. Certains projets sont propos\u00e9s d\u00e8s de le d\u00e9but de l&rsquo;ann\u00e9e, d&rsquo;autres verront le jour en fonction des envies et\/ou besoins des \u00e9l\u00e8ves.<\/p>\n","protected":false},"author":1,"featured_media":0,"parent":0,"menu_order":0,"comment_status":"closed","ping_status":"closed","template":"","meta":{"footnotes":""},"_links":{"self":[{"href":"https:\/\/www.logobio.fr\/index.php?rest_route=\/wp\/v2\/pages\/2623"}],"collection":[{"href":"https:\/\/www.logobio.fr\/index.php?rest_route=\/wp\/v2\/pages"}],"about":[{"href":"https:\/\/www.logobio.fr\/index.php?rest_route=\/wp\/v2\/types\/page"}],"author":[{"embeddable":true,"href":"https:\/\/www.logobio.fr\/index.php?rest_route=\/wp\/v2\/users\/1"}],"replies":[{"embeddable":true,"href":"https:\/\/www.logobio.fr\/index.php?rest_route=%2Fwp%2Fv2%2Fcomments&post=2623"}],"version-history":[{"count":4,"href":"https:\/\/www.logobio.fr\/index.php?rest_route=\/wp\/v2\/pages\/2623\/revisions"}],"predecessor-version":[{"id":2800,"href":"https:\/\/www.logobio.fr\/index.php?rest_route=\/wp\/v2\/pages\/2623\/revisions\/2800"}],"wp:attachment":[{"href":"https:\/\/www.logobio.fr\/index.php?rest_route=%2Fwp%2Fv2%2Fmedia&parent=2623"}],"curies":[{"name":"wp","href":"https:\/\/api.w.org\/{rel}","templated":true}]}}