{"id":2619,"date":"2020-07-31T20:07:34","date_gmt":"2020-07-31T19:07:34","guid":{"rendered":"http:\/\/www.logobio.fr\/?page_id=2619"},"modified":"2021-08-09T09:58:01","modified_gmt":"2021-08-09T08:58:01","slug":"boite-a-outils","status":"publish","type":"page","link":"https:\/\/www.logobio.fr\/?page_id=2619","title":{"rendered":"bo\u00eete \u00e0 outils"},"content":{"rendered":"\n<p><a href=\"https:\/\/www.logobio.fr\/?page_id=2747\" target=\"_blank\" rel=\"noreferrer noopener\">Comprendre les consignes.<\/a><\/p>\n\n\n\n<p><a href=\"https:\/\/docs.google.com\/document\/d\/1fAV68uPeZGRKdxHp0v_1t0lhO77ZKgT5F3b7duhuwEs\/edit?usp=sharing\" target=\"_blank\" rel=\"noreferrer noopener\">Les comp\u00e9tences \u00e0 ma\u00eetriser.<\/a><\/p>\n\n\n\n<p>Utilisations des outils techniques.<\/p>\n\n\n\n<p>Outils d&rsquo;aide aux apprentissages.<\/p>\n","protected":false},"excerpt":{"rendered":"<p>Comprendre les consignes. Les comp\u00e9tences \u00e0 ma\u00eetriser. Utilisations des outils techniques. Outils d&rsquo;aide aux apprentissages.<\/p>\n","protected":false},"author":1,"featured_media":2799,"parent":0,"menu_order":0,"comment_status":"closed","ping_status":"closed","template":"","meta":{"footnotes":""},"_links":{"self":[{"href":"https:\/\/www.logobio.fr\/index.php?rest_route=\/wp\/v2\/pages\/2619"}],"collection":[{"href":"https:\/\/www.logobio.fr\/index.php?rest_route=\/wp\/v2\/pages"}],"about":[{"href":"https:\/\/www.logobio.fr\/index.php?rest_route=\/wp\/v2\/types\/page"}],"author":[{"embeddable":true,"href":"https:\/\/www.logobio.fr\/index.php?rest_route=\/wp\/v2\/users\/1"}],"replies":[{"embeddable":true,"href":"https:\/\/www.logobio.fr\/index.php?rest_route=%2Fwp%2Fv2%2Fcomments&post=2619"}],"version-history":[{"count":5,"href":"https:\/\/www.logobio.fr\/index.php?rest_route=\/wp\/v2\/pages\/2619\/revisions"}],"predecessor-version":[{"id":2772,"href":"https:\/\/www.logobio.fr\/index.php?rest_route=\/wp\/v2\/pages\/2619\/revisions\/2772"}],"wp:featuredmedia":[{"embeddable":true,"href":"https:\/\/www.logobio.fr\/index.php?rest_route=\/wp\/v2\/media\/2799"}],"wp:attachment":[{"href":"https:\/\/www.logobio.fr\/index.php?rest_route=%2Fwp%2Fv2%2Fmedia&parent=2619"}],"curies":[{"name":"wp","href":"https:\/\/api.w.org\/{rel}","templated":true}]}}