{"id":2600,"date":"2020-07-31T15:23:44","date_gmt":"2020-07-31T14:23:44","guid":{"rendered":"http:\/\/www.logobio.fr\/?page_id=2600"},"modified":"2020-08-19T16:02:06","modified_gmt":"2020-08-19T15:02:06","slug":"3eme","status":"publish","type":"page","link":"https:\/\/www.logobio.fr\/?page_id=2600","title":{"rendered":"3\u00e8me"},"content":{"rendered":"\n<p>L&rsquo;ann\u00e9e de troisi\u00e8me confronte les notions du cycle 4 aux grands enjeux de la soci\u00e9t\u00e9 actuelle en terme de sant\u00e9 et d&rsquo;environnement. <br>Elle permet de contribuer activement \u00e0 la formation de la citoyennet\u00e9.<\/p>\n\n\n\n<p>Le dipl\u00f4me national du brevet en fin d&rsquo;ann\u00e9e permettra de valider la ma\u00eetrise des connaissances et des comp\u00e9tences en Sciences de la Vie et de la Terre fondamentales \u00e0 la construction du(de la) citoyen(ne).<\/p>\n\n\n\n<blockquote class=\"wp-block-quote is-style-large\"><p>\u00ab\u00a0Je crois que l&rsquo;avenir de l&rsquo;humanit\u00e9 est dans le progr\u00e8s de la raison par la science.\u00a0\u00bb<\/p><cite>Emile Zola Artiste, \u00e9crivain, Romancier&nbsp;(1840 &#8211; 1902)<\/cite><\/blockquote>\n\n\n\n<h3 class=\"wp-block-heading\"><a href=\"https:\/\/www.logobio.fr\/?page_id=2669\" target=\"_blank\" rel=\"noreferrer noopener\">Au programme&#8230;<\/a><\/h3>\n\n\n\n<h3 class=\"wp-block-heading\"><a href=\"https:\/\/www.logobio.fr\/?page_id=2676\" target=\"_blank\" rel=\"noreferrer noopener\">&#8230;acc\u00e8s aux cours&#8230;<\/a><\/h3>\n\n\n\n<h3 class=\"wp-block-heading\">&#8230;les ressources pour participer \u00e0 la classe.<\/h3>\n","protected":false},"excerpt":{"rendered":"<p>L&rsquo;ann\u00e9e de troisi\u00e8me confronte les notions du cycle 4 aux grands enjeux de la soci\u00e9t\u00e9 actuelle en terme de sant\u00e9 et d&rsquo;environnement. Elle permet de contribuer activement \u00e0 la formation de la citoyennet\u00e9. Le dipl\u00f4me national du brevet en fin d&rsquo;ann\u00e9e permettra de valider la ma\u00eetrise des connaissances et des comp\u00e9tences en Sciences de la [&hellip;]<\/p>\n","protected":false},"author":1,"featured_media":2739,"parent":0,"menu_order":0,"comment_status":"closed","ping_status":"closed","template":"","meta":{"footnotes":""},"_links":{"self":[{"href":"https:\/\/www.logobio.fr\/index.php?rest_route=\/wp\/v2\/pages\/2600"}],"collection":[{"href":"https:\/\/www.logobio.fr\/index.php?rest_route=\/wp\/v2\/pages"}],"about":[{"href":"https:\/\/www.logobio.fr\/index.php?rest_route=\/wp\/v2\/types\/page"}],"author":[{"embeddable":true,"href":"https:\/\/www.logobio.fr\/index.php?rest_route=\/wp\/v2\/users\/1"}],"replies":[{"embeddable":true,"href":"https:\/\/www.logobio.fr\/index.php?rest_route=%2Fwp%2Fv2%2Fcomments&post=2600"}],"version-history":[{"count":5,"href":"https:\/\/www.logobio.fr\/index.php?rest_route=\/wp\/v2\/pages\/2600\/revisions"}],"predecessor-version":[{"id":2691,"href":"https:\/\/www.logobio.fr\/index.php?rest_route=\/wp\/v2\/pages\/2600\/revisions\/2691"}],"wp:featuredmedia":[{"embeddable":true,"href":"https:\/\/www.logobio.fr\/index.php?rest_route=\/wp\/v2\/media\/2739"}],"wp:attachment":[{"href":"https:\/\/www.logobio.fr\/index.php?rest_route=%2Fwp%2Fv2%2Fmedia&parent=2600"}],"curies":[{"name":"wp","href":"https:\/\/api.w.org\/{rel}","templated":true}]}}