{"id":2598,"date":"2020-07-31T15:23:24","date_gmt":"2020-07-31T14:23:24","guid":{"rendered":"http:\/\/www.logobio.fr\/?page_id=2598"},"modified":"2020-08-19T15:53:36","modified_gmt":"2020-08-19T14:53:36","slug":"4eme","status":"publish","type":"page","link":"https:\/\/www.logobio.fr\/?page_id=2598","title":{"rendered":"4\u00e8me"},"content":{"rendered":"\n<p>C&rsquo;est l&rsquo;ann\u00e9e la plus difficile pour un(e) \u00e9l\u00e8ve . Il(elle) doit continuer \u00e0 se former aux m\u00e9thodes et acqu\u00e9rir des connaissances en vue du dipl\u00f4me national du brevet qui n&rsquo;aura lieu que dans un an.<\/p>\n\n\n\n<p>A la fin de l&rsquo;ann\u00e9e de 4\u00e8me, l&rsquo;\u00e9l\u00e8ve est capable de ma\u00eetriser l&rsquo;ensemble des comp\u00e9tences du coll\u00e8ge. Ses connaissances sur le fonctionnement du corps humain, de l&rsquo;\u00e9volution de la vie et du fonctionnement de la terre sont solides.<\/p>\n\n\n\n<h3 class=\"wp-block-heading\"><a rel=\"noreferrer noopener\" href=\"https:\/\/www.logobio.fr\/?page_id=2657\" target=\"_blank\">Au programme&#8230;.<\/a><\/h3>\n\n\n\n<h3 class=\"wp-block-heading\"><a rel=\"noreferrer noopener\" href=\"https:\/\/www.logobio.fr\/?page_id=2663\" target=\"_blank\">&#8230;acc\u00e8s aux cours&#8230;<\/a><\/h3>\n\n\n\n<h3 class=\"wp-block-heading\">&#8230;.les ressources pour participer \u00e0 la classe.<\/h3>\n\n\n\n<p><\/p>\n","protected":false},"excerpt":{"rendered":"<p>C&rsquo;est l&rsquo;ann\u00e9e la plus difficile pour un(e) \u00e9l\u00e8ve . Il(elle) doit continuer \u00e0 se former aux m\u00e9thodes et acqu\u00e9rir des connaissances en vue du dipl\u00f4me national du brevet qui n&rsquo;aura lieu que dans un an. A la fin de l&rsquo;ann\u00e9e de 4\u00e8me, l&rsquo;\u00e9l\u00e8ve est capable de ma\u00eetriser l&rsquo;ensemble des comp\u00e9tences du coll\u00e8ge. Ses connaissances sur [&hellip;]<\/p>\n","protected":false},"author":1,"featured_media":2738,"parent":0,"menu_order":0,"comment_status":"closed","ping_status":"closed","template":"","meta":{"footnotes":""},"_links":{"self":[{"href":"https:\/\/www.logobio.fr\/index.php?rest_route=\/wp\/v2\/pages\/2598"}],"collection":[{"href":"https:\/\/www.logobio.fr\/index.php?rest_route=\/wp\/v2\/pages"}],"about":[{"href":"https:\/\/www.logobio.fr\/index.php?rest_route=\/wp\/v2\/types\/page"}],"author":[{"embeddable":true,"href":"https:\/\/www.logobio.fr\/index.php?rest_route=\/wp\/v2\/users\/1"}],"replies":[{"embeddable":true,"href":"https:\/\/www.logobio.fr\/index.php?rest_route=%2Fwp%2Fv2%2Fcomments&post=2598"}],"version-history":[{"count":3,"href":"https:\/\/www.logobio.fr\/index.php?rest_route=\/wp\/v2\/pages\/2598\/revisions"}],"predecessor-version":[{"id":2690,"href":"https:\/\/www.logobio.fr\/index.php?rest_route=\/wp\/v2\/pages\/2598\/revisions\/2690"}],"wp:featuredmedia":[{"embeddable":true,"href":"https:\/\/www.logobio.fr\/index.php?rest_route=\/wp\/v2\/media\/2738"}],"wp:attachment":[{"href":"https:\/\/www.logobio.fr\/index.php?rest_route=%2Fwp%2Fv2%2Fmedia&parent=2598"}],"curies":[{"name":"wp","href":"https:\/\/api.w.org\/{rel}","templated":true}]}}