{"id":2596,"date":"2020-07-31T15:23:04","date_gmt":"2020-07-31T14:23:04","guid":{"rendered":"http:\/\/www.logobio.fr\/?page_id=2596"},"modified":"2020-08-19T15:39:02","modified_gmt":"2020-08-19T14:39:02","slug":"5eme","status":"publish","type":"page","link":"https:\/\/www.logobio.fr\/?page_id=2596","title":{"rendered":"5\u00e8me"},"content":{"rendered":"\n<p>C&rsquo;est la premi\u00e8re ann\u00e9e du cycle 4 .<br>Elle fait partie du programme \u00e9valu\u00e9 en sortie de coll\u00e8ge (dipl\u00f4me national du brevet).<br>Les choses s\u00e9rieuses commencent avec la mise en place de d\u00e9marches et de m\u00e9thodes scientifiques dans le but de pouvoir d\u00e9coder et comprendre le monde qui nous entoure.<\/p>\n\n\n\n<h3 class=\"wp-block-heading\"><a href=\"https:\/\/www.logobio.fr\/?page_id=2637\" target=\"_blank\" rel=\"noreferrer noopener\">Au programme&#8230;..<\/a><\/h3>\n\n\n\n<h3 class=\"wp-block-heading\"><a href=\"https:\/\/www.logobio.fr\/?page_id=2647\" target=\"_blank\" rel=\"noreferrer noopener\">&#8230;&#8230;Acc\u00e8s aux cours&#8230;&#8230;..<\/a><\/h3>\n\n\n\n<h3 class=\"wp-block-heading\"><a href=\"https:\/\/www.logobio.fr\/?page_id=2710\" target=\"_blank\" rel=\"noreferrer noopener\">&#8230;..Les ressources pour participer \u00e0 la classe .<\/a><\/h3>\n","protected":false},"excerpt":{"rendered":"<p>C&rsquo;est la premi\u00e8re ann\u00e9e du cycle 4 .Elle fait partie du programme \u00e9valu\u00e9 en sortie de coll\u00e8ge (dipl\u00f4me national du brevet).Les choses s\u00e9rieuses commencent avec la mise en place de d\u00e9marches et de m\u00e9thodes scientifiques dans le but de pouvoir d\u00e9coder et comprendre le monde qui nous entoure. Au programme&#8230;.. &#8230;&#8230;Acc\u00e8s aux cours&#8230;&#8230;.. &#8230;..Les ressources [&hellip;]<\/p>\n","protected":false},"author":1,"featured_media":2735,"parent":0,"menu_order":0,"comment_status":"closed","ping_status":"closed","template":"","meta":{"footnotes":""},"_links":{"self":[{"href":"https:\/\/www.logobio.fr\/index.php?rest_route=\/wp\/v2\/pages\/2596"}],"collection":[{"href":"https:\/\/www.logobio.fr\/index.php?rest_route=\/wp\/v2\/pages"}],"about":[{"href":"https:\/\/www.logobio.fr\/index.php?rest_route=\/wp\/v2\/types\/page"}],"author":[{"embeddable":true,"href":"https:\/\/www.logobio.fr\/index.php?rest_route=\/wp\/v2\/users\/1"}],"replies":[{"embeddable":true,"href":"https:\/\/www.logobio.fr\/index.php?rest_route=%2Fwp%2Fv2%2Fcomments&post=2596"}],"version-history":[{"count":6,"href":"https:\/\/www.logobio.fr\/index.php?rest_route=\/wp\/v2\/pages\/2596\/revisions"}],"predecessor-version":[{"id":2723,"href":"https:\/\/www.logobio.fr\/index.php?rest_route=\/wp\/v2\/pages\/2596\/revisions\/2723"}],"wp:featuredmedia":[{"embeddable":true,"href":"https:\/\/www.logobio.fr\/index.php?rest_route=\/wp\/v2\/media\/2735"}],"wp:attachment":[{"href":"https:\/\/www.logobio.fr\/index.php?rest_route=%2Fwp%2Fv2%2Fmedia&parent=2596"}],"curies":[{"name":"wp","href":"https:\/\/api.w.org\/{rel}","templated":true}]}}