{"id":2594,"date":"2020-07-31T15:21:20","date_gmt":"2020-07-31T14:21:20","guid":{"rendered":"http:\/\/www.logobio.fr\/?page_id=2594"},"modified":"2022-08-09T14:50:27","modified_gmt":"2022-08-09T13:50:27","slug":"la-classe-inversee","status":"publish","type":"page","link":"https:\/\/www.logobio.fr\/?page_id=2594","title":{"rendered":"La classe invers\u00e9e ?"},"content":{"rendered":"\n<figure class=\"wp-block-image alignfull size-large is-style-default\"><img loading=\"lazy\" decoding=\"async\" width=\"800\" height=\"448\" src=\"https:\/\/www.logobio.fr\/wp-content\/uploads\/2020\/07\/classe_inversee_infographie.png\" alt=\"\" class=\"wp-image-2606\" srcset=\"https:\/\/www.logobio.fr\/wp-content\/uploads\/2020\/07\/classe_inversee_infographie.png 800w, https:\/\/www.logobio.fr\/wp-content\/uploads\/2020\/07\/classe_inversee_infographie-300x168.png 300w, https:\/\/www.logobio.fr\/wp-content\/uploads\/2020\/07\/classe_inversee_infographie-768x430.png 768w\" sizes=\"(max-width: 800px) 100vw, 800px\" \/><\/figure>\n\n\n\n<blockquote class=\"wp-block-quote is-style-large\"><p>\u00ab\u00a0La classe invers\u00e9e, c\u2019est donner \u00e0 faire \u00e0 la maison, en autonomie, les activit\u00e9s de bas niveau cognitif pour privil\u00e9gier en classe le travail collaboratif et les t\u00e2ches d\u2019apprentissage de haut niveau cognitif, en mettant les \u00e9l\u00e8ves en activit\u00e9 et en collaboration.\u00a0\u00bb<\/p><cite>H\u00c9LO\u00cfSE DUFOUR&nbsp;, Docteur en neurobiologie et formatrice d\u2019enseignants.<\/cite><\/blockquote>\n\n\n\n<h3 class=\"has-text-align-center wp-block-heading\">Informations et rep\u00e8res pour les parents.<\/h3>\n\n\n\n<div data-wp-interactive=\"\" class=\"wp-block-file\"><object data-wp-bind--hidden=\"!selectors.core.file.hasPdfPreview\" hidden class=\"wp-block-file__embed\" data=\"https:\/\/www.logobio.fr\/wp-content\/uploads\/2021\/08\/presentation-de-la-classe-inversee.pdf\" type=\"application\/pdf\" style=\"width:100%;height:600px\" aria-label=\"Contenu embarqu\u00e9 Contenu embarqu\u00e9 presentation-de-la-classe-inversee..\"><\/object><a id=\"wp-block-file--media-c99bfb05-a794-4162-ac0b-fdfe7ee7c815\" href=\"https:\/\/www.logobio.fr\/wp-content\/uploads\/2021\/08\/presentation-de-la-classe-inversee.pdf\">presentation-de-la-classe-inversee<\/a><a href=\"https:\/\/www.logobio.fr\/wp-content\/uploads\/2021\/08\/presentation-de-la-classe-inversee.pdf\" class=\"wp-block-file__button\" download aria-describedby=\"wp-block-file--media-c99bfb05-a794-4162-ac0b-fdfe7ee7c815\">T\u00e9l\u00e9charger<\/a><\/div>\n\n\n\n<p>Le professeur est \u00e0 votre disposition pour toute information sur l&rsquo;organisation du travail , n&rsquo;attendez pas pour le contacter en cas de probl\u00e8me ; ou pas.<br>( petit mot dans le carnet ou messagerie de l&rsquo;ENT).<\/p>\n\n\n\n<p>Remarque : si votre enfant pr\u00e9sente des <strong>besoins \u00e9ducatifs particuliers<\/strong> , n&rsquo;h\u00e9sitez pas \u00e0 contacter le professeur afin de mettre en place un <strong>plan de travail adapt\u00e9<\/strong>.<\/p>\n\n\n\n<p><\/p>\n","protected":false},"excerpt":{"rendered":"<p>\u00ab\u00a0La classe invers\u00e9e, c\u2019est donner \u00e0 faire \u00e0 la maison, en autonomie, les activit\u00e9s de bas niveau cognitif pour privil\u00e9gier en classe le travail collaboratif et les t\u00e2ches d\u2019apprentissage de haut niveau cognitif, en mettant les \u00e9l\u00e8ves en activit\u00e9 et en collaboration.\u00a0\u00bb H\u00c9LO\u00cfSE DUFOUR&nbsp;, Docteur en neurobiologie et formatrice d\u2019enseignants. Informations et rep\u00e8res pour les [&hellip;]<\/p>\n","protected":false},"author":1,"featured_media":0,"parent":0,"menu_order":0,"comment_status":"closed","ping_status":"closed","template":"","meta":{"footnotes":""},"_links":{"self":[{"href":"https:\/\/www.logobio.fr\/index.php?rest_route=\/wp\/v2\/pages\/2594"}],"collection":[{"href":"https:\/\/www.logobio.fr\/index.php?rest_route=\/wp\/v2\/pages"}],"about":[{"href":"https:\/\/www.logobio.fr\/index.php?rest_route=\/wp\/v2\/types\/page"}],"author":[{"embeddable":true,"href":"https:\/\/www.logobio.fr\/index.php?rest_route=\/wp\/v2\/users\/1"}],"replies":[{"embeddable":true,"href":"https:\/\/www.logobio.fr\/index.php?rest_route=%2Fwp%2Fv2%2Fcomments&post=2594"}],"version-history":[{"count":14,"href":"https:\/\/www.logobio.fr\/index.php?rest_route=\/wp\/v2\/pages\/2594\/revisions"}],"predecessor-version":[{"id":2938,"href":"https:\/\/www.logobio.fr\/index.php?rest_route=\/wp\/v2\/pages\/2594\/revisions\/2938"}],"wp:attachment":[{"href":"https:\/\/www.logobio.fr\/index.php?rest_route=%2Fwp%2Fv2%2Fmedia&parent=2594"}],"curies":[{"name":"wp","href":"https:\/\/api.w.org\/{rel}","templated":true}]}}