{"id":1425,"date":"2016-09-14T23:29:09","date_gmt":"2016-09-14T22:29:09","guid":{"rendered":"http:\/\/www.logobio.fr\/?page_id=1425"},"modified":"2019-11-14T21:28:14","modified_gmt":"2019-11-14T20:28:14","slug":"chapitre-3-alimentation-et-equilibre","status":"publish","type":"page","link":"https:\/\/www.logobio.fr\/?page_id=1425","title":{"rendered":"Chapitre 3 : Fonctionnement de l&rsquo;appareil digestif."},"content":{"rendered":"<div id=\"pl-1425\"  class=\"panel-layout\" >\n<div id=\"pg-1425-0\"  class=\"panel-grid panel-has-style\"  data-style=\"{&quot;background_display&quot;:&quot;tile&quot;,&quot;row_stretch&quot;:&quot;full-stretched&quot;,&quot;cell_alignment&quot;:&quot;flex-start&quot;}\" >\n<div class=\"siteorigin-panels-stretch panel-row-style panel-row-style-for-1425-0\" data-stretch-type=\"full-stretched\" >\n<div id=\"pgc-1425-0-0\"  class=\"panel-grid-cell\"  data-weight=\"1\" >\n<div id=\"panel-1425-0-0-0\" class=\"so-panel widget widget_sow-editor panel-first-child panel-last-child\" data-index=\"0\" data-style=\"{&quot;background_display&quot;:&quot;tile&quot;}\" >\n<div class=\"so-widget-sow-editor so-widget-sow-editor-base\">\n<div class=\"siteorigin-widget-tinymce textwidget\">\n<h1><span style=\"color: #993300;\">Chapitre 3 : Fonctionnement de l&rsquo;appareil digestif.<\/span><\/h1>\n<\/div>\n<\/div>\n<\/div>\n<\/div>\n<\/div>\n<\/div>\n<div id=\"pg-1425-1\"  class=\"panel-grid panel-has-style\"  data-style=\"{&quot;background_display&quot;:&quot;tile&quot;,&quot;row_stretch&quot;:&quot;full-stretched&quot;,&quot;cell_alignment&quot;:&quot;flex-start&quot;}\" >\n<div class=\"siteorigin-panels-stretch panel-row-style panel-row-style-for-1425-1\" data-stretch-type=\"full-stretched\" >\n<div id=\"pgc-1425-1-0\"  class=\"panel-grid-cell\"  data-weight=\"0.31506849315068\" >\n<div id=\"panel-1425-1-0-0\" class=\"so-panel widget widget_sow-editor panel-first-child panel-last-child\" data-index=\"1\" data-style=\"{&quot;background&quot;:&quot;#ffffff&quot;,&quot;background_display&quot;:&quot;cover&quot;}\" >\n<div class=\"panel-widget-style panel-widget-style-for-1425-1-0-0\" >\n<div class=\"so-widget-sow-editor so-widget-sow-editor-base\">\n<div class=\"siteorigin-widget-tinymce textwidget\">\n<p><img loading=\"lazy\" decoding=\"async\" class=\"aligncenter wp-image-1750 size-thumbnail\" src=\"https:\/\/www.logobio.fr\/wp-content\/uploads\/2017\/03\/Kanal_5_Sweden.svg-150x150.png\" alt=\"\" width=\"150\" height=\"150\" srcset=\"https:\/\/www.logobio.fr\/wp-content\/uploads\/2017\/03\/Kanal_5_Sweden.svg-150x150.png 150w, https:\/\/www.logobio.fr\/wp-content\/uploads\/2017\/03\/Kanal_5_Sweden.svg-300x300.png 300w, https:\/\/www.logobio.fr\/wp-content\/uploads\/2017\/03\/Kanal_5_Sweden.svg-768x768.png 768w, https:\/\/www.logobio.fr\/wp-content\/uploads\/2017\/03\/Kanal_5_Sweden.svg.png 1024w\" sizes=\"(max-width: 150px) 100vw, 150px\" \/><\/p>\n<\/div>\n<\/div>\n<\/div>\n<\/div>\n<\/div>\n<div id=\"pgc-1425-1-1\"  class=\"panel-grid-cell\"  data-weight=\"0.68493150684932\" >\n<div id=\"panel-1425-1-1-0\" class=\"so-panel widget widget_sow-editor panel-first-child panel-last-child\" data-index=\"2\" data-style=\"{&quot;background_display&quot;:&quot;tile&quot;}\" >\n<div class=\"so-widget-sow-editor so-widget-sow-editor-base\">\n<div class=\"siteorigin-widget-tinymce textwidget\">\n<h2>Les objectifs du chapitre :<\/h2>\n<ul>\n<li>Identifier le trajet et la transformation des aliments lors de leur passage dans le tube digestif.<\/li>\n<li>Rep\u00e9rer le passage des nutriments dans le sang et l\u2019influence des micro-organisme.<\/li>\n<li>Identifier les grandes cat\u00e9gories d\u2019aliments.<\/li>\n<li>Comprendre la notion d\u2019\u00e9quilibre alimentaire.<\/li>\n<\/ul>\n<\/div>\n<\/div>\n<\/div>\n<\/div>\n<\/div>\n<\/div>\n<div id=\"pg-1425-2\"  class=\"panel-grid panel-has-style\"  data-style=\"{&quot;background_display&quot;:&quot;tile&quot;,&quot;row_stretch&quot;:&quot;full-stretched&quot;,&quot;cell_alignment&quot;:&quot;flex-start&quot;}\" >\n<div class=\"siteorigin-panels-stretch panel-row-style panel-row-style-for-1425-2\" data-stretch-type=\"full-stretched\" >\n<div id=\"pgc-1425-2-0\"  class=\"panel-grid-cell\"  data-weight=\"1\" >\n<div id=\"panel-1425-2-0-0\" class=\"so-panel widget widget_sow-editor panel-first-child\" data-index=\"3\" data-style=\"{&quot;background_display&quot;:&quot;tile&quot;}\" >\n<div class=\"so-widget-sow-editor so-widget-sow-editor-base\">\n<div class=\"siteorigin-widget-tinymce textwidget\">\n<p>rappel :<\/p>\n<p>Les organes ont besoin\u00a0de glucose et de dioxyg\u00e8ne afin de fonctionner.<\/p>\n<p>Le glucose provient de notre alimentation.<\/p>\n<p>le glucose est un nutriment. ( il existe trois cat\u00e9gories de nutriments\u00a0: les glucides, les protides et les lipides )<\/p>\n<p><span style=\"color: #003300;\">Comment passe-t-on des aliments que nous mangeons\u00a0<\/span><span style=\"color: #003300;\">aux nutriments pr\u00e9sents dans le sang ?<\/span><\/p>\n<\/div>\n<\/div>\n<\/div>\n<div id=\"panel-1425-2-0-1\" class=\"so-panel widget widget_sow-editor\" data-index=\"4\" data-style=\"{&quot;background_display&quot;:&quot;tile&quot;}\" >\n<div class=\"so-widget-sow-editor so-widget-sow-editor-base\">\n<div class=\"siteorigin-widget-tinymce textwidget\">\n<h2><span style=\"text-decoration: underline; color: #ff0000;\">1\/ Le trajet des aliments.<\/span><\/h2>\n<p><img loading=\"lazy\" decoding=\"async\" class=\"aligncenter size-full wp-image-767\" src=\"https:\/\/www.logobio.fr\/wp-content\/uploads\/2014\/02\/appareildigestif1.jpg\" alt=\"\" width=\"579\" height=\"668\" srcset=\"https:\/\/www.logobio.fr\/wp-content\/uploads\/2014\/02\/appareildigestif1.jpg 579w, https:\/\/www.logobio.fr\/wp-content\/uploads\/2014\/02\/appareildigestif1-260x300.jpg 260w\" sizes=\"(max-width: 579px) 100vw, 579px\" \/><\/p>\n<p><span style=\"color: #ff0000;\">Les aliments entrent dans le tube digestif par la bouche, <\/span><\/p>\n<p><span style=\"color: #ff0000;\">passent par la cavit\u00e9 buccale, par l\u2019\u0153sophage, par l&rsquo;estomac,<\/span><\/p>\n<p><span style=\"color: #ff0000;\">l&rsquo;intestin gr\u00eale, le gros intestin puis l&rsquo;anus.<\/span><\/p>\n<p>On n&rsquo;observe pas les m\u00eames \u00e9l\u00e9ments qui entrent et\u00a0sortent du tube digestif.<\/p>\n<p>Remarque : l&rsquo;appareil digestif = tube digestif + les glandes digestives.<\/p>\n<p>Une glande digestive lib\u00e8re des liquides \u00e0 l&rsquo;int\u00e9rieur \u00a0du tube\u00a0<\/p>\n<p>digestif.<\/p>\n<\/div>\n<\/div>\n<\/div>\n<div id=\"panel-1425-2-0-2\" class=\"so-panel widget widget_sow-editor\" data-index=\"5\" data-style=\"{&quot;background_display&quot;:&quot;tile&quot;}\" >\n<div class=\"so-widget-sow-editor so-widget-sow-editor-base\">\n<div class=\"siteorigin-widget-tinymce textwidget\">\n<h2><span style=\"text-decoration: underline; color: #ff0000;\">2\/ L&rsquo;\u00e9volution des aliments dans le tube digestif.<\/span><\/h2>\n<p><iframe loading=\"lazy\" src=\"https:\/\/www.youtube.com\/embed\/Oa_J6mPrris?rel=0\" width=\"560\" height=\"315\" frameborder=\"0\" allowfullscreen=\"allowfullscreen\"><\/iframe><\/p>\n<p><span style=\"color: #ff0000;\">On observe une transformation\u00a0des aliments dans le tube digestif.<\/span><\/p>\n<p>\u00a0<\/p>\n<\/div>\n<\/div>\n<\/div>\n<div id=\"panel-1425-2-0-3\" class=\"so-panel widget widget_sow-editor\" data-index=\"6\" data-style=\"{&quot;background_image_attachment&quot;:false,&quot;background_display&quot;:&quot;tile&quot;}\" >\n<div class=\"so-widget-sow-editor so-widget-sow-editor-base\">\n<div class=\"siteorigin-widget-tinymce textwidget\">\n<h2><span style=\"text-decoration: underline; color: #ff0000;\">3\/ Passage des aliments aux nutriments.<\/span><\/h2>\n<p><span style=\"color: #008000;\">Quel est l&rsquo;agent responsable de la transformation des aliments dans le tube digestif ?<\/span><\/p>\n<p><strong>hypoth\u00e8se <\/strong><\/p>\n<p>La transformation est due \u00e0 une action m\u00e9canique ( ex: mastication)<\/p>\n<p>La transformation est due \u00e0 une action chimique (ex : salive)<\/p>\n<p><iframe loading=\"lazy\" src=\"\/\/www.reseau-canope.fr\/corpus\/embed\/digestion-in-vitro-22.html\" width=\"640\" height=\"360\" frameborder=\"0\"><\/iframe><\/p>\n<p>\u00a0<\/p>\n<p><span style=\"color: #ff0000;\">Bilan :<\/span><\/p>\n<p><span style=\"color: #ff0000;\">La transformation des aliments en nutriments est due \u00e0 l&rsquo;action chimique des sucs digestifs qui sont associ\u00e9s aux aliments.<\/span><\/p>\n<p><span style=\"color: #ff0000;\">La mastication et la contraction des muscles associ\u00e9s au tube digestif facilitent l&rsquo;action des sucs digestifs.<\/span><\/p>\n<\/div>\n<\/div>\n<\/div>\n<div id=\"panel-1425-2-0-4\" class=\"so-panel widget widget_sow-editor\" data-index=\"7\" data-style=\"{&quot;background_display&quot;:&quot;tile&quot;}\" >\n<div class=\"so-widget-sow-editor so-widget-sow-editor-base\">\n<div class=\"siteorigin-widget-tinymce textwidget\">\n<h2><span style=\"text-decoration: underline; color: #ff0000;\">4\/\u00a0Le transfert des nutriments dans le sang<\/span><\/h2>\n<p>experience :<\/p>\n<p>\u00ab\u00a0mettre une cam\u00e9ra et observer les aliments et les nutriments dans le tube digestif\u00a0\u00bb<br \/>\n<iframe loading=\"lazy\" width=\"560\" height=\"315\" src=\"https:\/\/www.youtube.com\/embed\/CLf_4fMWVFg\" frameborder=\"0\" allow=\"accelerometer; autoplay; encrypted-media; gyroscope; picture-in-picture\" allowfullscreen><\/iframe><br \/>\n&nbsp;<\/p>\n<p><span style=\"color: #ff0000;\">Bilan :<\/span><\/p>\n<p><span style=\"color: #ff0000;\">Les nutriments pr\u00e9sents dans le tube digestif passent dans les vaisseaux sanguins au niveau de l&rsquo;intestin gr\u00eale.<\/span><\/p>\n<p><span style=\"color: #ff0000;\">Les nutriments traversent la paroi de l&rsquo;intestin et des vaisseaux sanguins afin de passer dans le sang.<\/span><\/p>\n<p>POUR RESUMER &#8230;..<a href=\"https:\/\/www.reseau-canope.fr\/corpus\/video\/la-digestion-47.html\" target=\"_blank\" rel=\"noopener noreferrer\">\ud83d\ude42<\/a><\/div>\n<\/div>\n<\/div>\n<div id=\"panel-1425-2-0-5\" class=\"so-panel widget widget_sow-editor\" data-index=\"8\" data-style=\"{&quot;background_display&quot;:&quot;tile&quot;}\" >\n<div class=\"so-widget-sow-editor so-widget-sow-editor-base\">\n<div class=\"siteorigin-widget-tinymce textwidget\">\n<h2><span style=\"color: #ff0000;\">5\/ Equilibre alimentaire.<\/span><\/h2>\n<p>Il est important d&rsquo;apporter au corps ce dont il a besoin pour fonctionner (ni trop, ni trop peu).<\/p>\n<p>L&rsquo;\u00e9quilibre alimentaire est obtenu lorsque les besoins du corps correspondent aux apports alimentaires.<\/p>\n<h1 style=\"text-align: center;\"><span style=\"color: #ff0000;\">APPORTS = BESOINS<\/span><\/h1>\n<p>Afin de diminuer aux maximum l&rsquo;apparition de \u00a0maladies li\u00e9es\u00a0 \u00e0 notre alimentation, nos repas doivent \u00eatre compos\u00e9s dans les proportions de la pyramide alimentaire.<\/p>\n<p>\u00a0<\/p>\n<p><a href=\"https:\/\/www.logobio.fr\/?attachment_id=1689\" rel=\"attachment wp-att-1689\"><img loading=\"lazy\" decoding=\"async\" class=\"aligncenter size-full wp-image-1689\" src=\"https:\/\/www.logobio.fr\/wp-content\/uploads\/2017\/01\/pyramide_alimentaire.jpg\" alt=\"pyramide_alimentaire\" width=\"862\" height=\"713\" srcset=\"https:\/\/www.logobio.fr\/wp-content\/uploads\/2017\/01\/pyramide_alimentaire.jpg 862w, https:\/\/www.logobio.fr\/wp-content\/uploads\/2017\/01\/pyramide_alimentaire-300x248.jpg 300w, https:\/\/www.logobio.fr\/wp-content\/uploads\/2017\/01\/pyramide_alimentaire-768x635.jpg 768w\" sizes=\"(max-width: 862px) 100vw, 862px\" \/><\/a><\/p>\n<p><span style=\"color: #ff0000;\">BILAN : Bien manger c&rsquo;est manger les bonnes quantit\u00e9s avec une\u00a0 diversit\u00e9 alimentaire adapt\u00e9es aux besoins de notre corps.<\/span><\/p>\n<p>Afin de savoir si ton alimentation correspond \u00e0 tes besoins, tu peux utiliser un outils qu&rsquo;on appelle<strong> IMC<\/strong> ( <strong>I<\/strong>ndice de <strong>M<\/strong>asse <strong>C<\/strong>orporelle)<\/p>\n<p>calculer vos besoins : <a href=\"https:\/\/www.logobio.fr\/?attachment_id=1695\" rel=\"attachment wp-att-1695\">equilibre_alimentaire<\/a><\/p>\n<p><a href=\"http:\/\/dataaddict.fr\/works\/calculateur-de-calories\/\" target=\"_blank\" rel=\"noopener noreferrer\">Quel quantit\u00e9 d&rsquo;\u00e9nergie peut m&rsquo;apporter un repas<\/a><\/p>\n<\/div>\n<\/div>\n<\/div>\n<div id=\"panel-1425-2-0-6\" class=\"so-panel widget widget_sow-editor\" data-index=\"9\" data-style=\"{&quot;background_display&quot;:&quot;tile&quot;}\" >\n<div class=\"so-widget-sow-editor so-widget-sow-editor-base\">\n<div class=\"siteorigin-widget-tinymce textwidget\">\n<h2><span style=\"color: #ff0000;\">6\/ sant\u00e9 vous bien !<\/span><\/h2>\n<\/div>\n<\/div>\n<\/div>\n<div id=\"panel-1425-2-0-7\" class=\"so-panel widget widget_sow-editor panel-last-child\" data-index=\"10\" data-style=\"{&quot;background_display&quot;:&quot;tile&quot;}\" >\n<div class=\"so-widget-sow-editor so-widget-sow-editor-base\">\n<div class=\"siteorigin-widget-tinymce textwidget\">\n\t<\/div>\n<\/div>\n<\/div>\n<\/div>\n<\/div>\n<\/div>\n<\/div>\n","protected":false},"excerpt":{"rendered":"<p>Chapitre 3 : Fonctionnement de l&rsquo;appareil digestif. Les objectifs du chapitre : Identifier le trajet et la transformation des aliments lors de leur passage dans le tube digestif. Rep\u00e9rer le passage des nutriments dans le sang et l\u2019influence des micro-organisme. Identifier les grandes cat\u00e9gories d\u2019aliments. Comprendre la notion d\u2019\u00e9quilibre alimentaire. rappel : Les organes ont [&hellip;]<\/p>\n","protected":false},"author":1,"featured_media":0,"parent":1324,"menu_order":2,"comment_status":"closed","ping_status":"closed","template":"","meta":{"footnotes":""},"_links":{"self":[{"href":"https:\/\/www.logobio.fr\/index.php?rest_route=\/wp\/v2\/pages\/1425"}],"collection":[{"href":"https:\/\/www.logobio.fr\/index.php?rest_route=\/wp\/v2\/pages"}],"about":[{"href":"https:\/\/www.logobio.fr\/index.php?rest_route=\/wp\/v2\/types\/page"}],"author":[{"embeddable":true,"href":"https:\/\/www.logobio.fr\/index.php?rest_route=\/wp\/v2\/users\/1"}],"replies":[{"embeddable":true,"href":"https:\/\/www.logobio.fr\/index.php?rest_route=%2Fwp%2Fv2%2Fcomments&post=1425"}],"version-history":[{"count":50,"href":"https:\/\/www.logobio.fr\/index.php?rest_route=\/wp\/v2\/pages\/1425\/revisions"}],"predecessor-version":[{"id":2519,"href":"https:\/\/www.logobio.fr\/index.php?rest_route=\/wp\/v2\/pages\/1425\/revisions\/2519"}],"up":[{"embeddable":true,"href":"https:\/\/www.logobio.fr\/index.php?rest_route=\/wp\/v2\/pages\/1324"}],"wp:attachment":[{"href":"https:\/\/www.logobio.fr\/index.php?rest_route=%2Fwp%2Fv2%2Fmedia&parent=1425"}],"curies":[{"name":"wp","href":"https:\/\/api.w.org\/{rel}","templated":true}]}}