{"id":1400,"date":"2016-09-14T22:37:31","date_gmt":"2016-09-14T21:37:31","guid":{"rendered":"http:\/\/www.logobio.fr\/?page_id=1400"},"modified":"2019-04-07T21:57:52","modified_gmt":"2019-04-07T20:57:52","slug":"chapitre-2-geodynamique-terrestre-et-enjeux-pour-letre-humain","status":"publish","type":"page","link":"https:\/\/www.logobio.fr\/?page_id=1400","title":{"rendered":"Chapitre 2 : G\u00e9odynamique terrestre et enjeux pour l&rsquo;\u00eatre humain."},"content":{"rendered":"<div id=\"pl-1400\"  class=\"panel-layout\" >\n<div id=\"pg-1400-0\"  class=\"panel-grid panel-no-style\" >\n<div id=\"pgc-1400-0-0\"  class=\"panel-grid-cell\"  data-weight=\"1\" >\n<div id=\"panel-1400-0-0-0\" class=\"so-panel widget widget_sow-editor panel-first-child\" data-index=\"0\" data-style=\"{&quot;background_display&quot;:&quot;tile&quot;}\" >\n<div class=\"so-widget-sow-editor so-widget-sow-editor-base\">\n<div class=\"siteorigin-widget-tinymce textwidget\">\n<p>L&rsquo;observation des ph\u00e9nom\u00e8nes g\u00e9ologiques comme les activit\u00e9s sismiques et le volcanisme montre que la Terre est une plan\u00e8te active.<\/p>\n<p><strong><span style=\"color: #003300;\">\u00a0<\/span><\/strong><\/p>\n<p>\u00a0<\/p>\n<p>\u00a0<\/p>\n<p>\u00a0<\/p>\n<h1>\u00a0<\/h1>\n<\/div>\n<\/div>\n<\/div>\n<div id=\"panel-1400-0-0-1\" class=\"so-panel widget widget_sow-editor\" data-index=\"1\" data-style=\"{&quot;background_image_attachment&quot;:false,&quot;background_display&quot;:&quot;tile&quot;}\" >\n<div class=\"so-widget-sow-editor so-widget-sow-editor-base\">\n<div class=\"siteorigin-widget-tinymce textwidget\">\n<h2><span style=\"text-decoration: underline;\">1 \/ R\u00e9partition du volcanisme et des s\u00e9ismes \u00e0 l&rsquo;\u00e9chelle mondiale .<\/span><\/h2>\n<p style=\"text-align: center;\"><a href=\"https:\/\/www.logobio.fr\/?attachment_id=1500\" rel=\"attachment wp-att-1500\"><img loading=\"lazy\" decoding=\"async\" class=\"aligncenter size-full wp-image-1500\" src=\"https:\/\/www.logobio.fr\/wp-content\/uploads\/2016\/09\/carte-repartition-seisme-volcans-monde.jpg\" alt=\"carte-repartition-seisme-volcans-monde\" width=\"630\" height=\"393\" srcset=\"https:\/\/www.logobio.fr\/wp-content\/uploads\/2016\/09\/carte-repartition-seisme-volcans-monde.jpg 630w, https:\/\/www.logobio.fr\/wp-content\/uploads\/2016\/09\/carte-repartition-seisme-volcans-monde-300x187.jpg 300w\" sizes=\"(max-width: 630px) 100vw, 630px\" \/><\/a><span style=\"text-decoration: underline;\"><span style=\"color: #ff0000; text-decoration: underline;\">Sch\u00e9ma de la r\u00e9partition des s\u00e9ismes et volcans \u00e0 l&rsquo;\u00e9chelle mondiale<\/span><\/span><\/p>\n<p><a href=\"http:\/\/www.biologieenflash.net\/animation.php?ref=geo-0024-1\" target=\"_blank\" rel=\"noopener\">d\u00e9limitation des zones de l&rsquo;activit\u00e9 interne du globe \u00e0 sa surface.<\/a><\/p>\n<p>La r\u00e9partition des s\u00e9ismes et des volcans permet de d\u00e9limiter 12 grands ensembles \u00e0 la surface de la terre que l&rsquo;on appelle <span style=\"color: #ff0000;\">plaques tectoniques<\/span>.<\/p>\n<\/div>\n<\/div>\n<\/div>\n<div id=\"panel-1400-0-0-2\" class=\"so-panel widget widget_sow-editor\" data-index=\"2\" data-style=\"{&quot;background_display&quot;:&quot;tile&quot;}\" >\n<div class=\"so-widget-sow-editor so-widget-sow-editor-base\">\n<div class=\"siteorigin-widget-tinymce textwidget\">\n<p>\u00a0<\/p>\n<h2>2 \/ Constitution d&rsquo;une plaque tectonique.<\/h2>\n<p>Une plaque tectonique (ou <span style=\"color: #ff0000;\">lithosph\u00e8re<\/span>)est constitu\u00e9e d&rsquo;une croute terrestre (continentale ou oc\u00e9anique) et d&rsquo;un manteau lithosph\u00e9rique.<\/p>\n<p>Les plaques tectoniques constitu\u00e9es de roches rigides reposent sur l&rsquo;<span style=\"color: #ff0000;\">asth\u00e9nosph\u00e8re<\/span> constitu\u00e9e de roches ductiles.<\/p>\n<h1>\u00a0<\/h1>\n<\/div>\n<\/div>\n<\/div>\n<div id=\"panel-1400-0-0-3\" class=\"so-panel widget widget_sow-editor\" data-index=\"3\" data-style=\"{&quot;background_display&quot;:&quot;tile&quot;}\" >\n<div class=\"so-widget-sow-editor so-widget-sow-editor-base\">\n<div class=\"siteorigin-widget-tinymce textwidget\">\n<p>\u00a0<\/p>\n<h2>3 \/ Les mouvements de plaques.<\/h2>\n<p>Une plaque tectonique peut s&rsquo;\u00e9loigner, se rapprocher ou se<\/p>\n<p>d\u00e9placer lat\u00e9ralement d&rsquo;une autre plaque.<\/p>\n<p>Ces mouvements sont de l&rsquo;ordre de quelques centim\u00e8tres par an.<\/p>\n<p>Les cha\u00eenes de volcans sous marins appel\u00e9es <span style=\"color: #ff0000;\">dorsales oc\u00e9aniques<\/span> s\u00e9parent deux plaques qui s&rsquo;\u00e9cartent.<\/p>\n<p>Les<span style=\"color: #ff0000;\"> zones de subduction<\/span> correspondent au rapprochement d&rsquo;une plaque (profil lithosph\u00e8re oc\u00e9anique) qui passe sous une autre plaque .<\/p>\n<p>les zones de<span style=\"color: #ff0000;\"> montagne<\/span> correspondent \u00e0 la collision de deux plaques \u00e0 profil continental.<\/p>\n<h1>\u00a0<\/h1>\n<\/div>\n<\/div>\n<\/div>\n<div id=\"panel-1400-0-0-4\" class=\"so-panel widget widget_sow-editor\" data-index=\"4\" data-style=\"{&quot;background_display&quot;:&quot;tile&quot;}\" >\n<div class=\"so-widget-sow-editor so-widget-sow-editor-base\">\n<div class=\"siteorigin-widget-tinymce textwidget\">\n<h2>4 \/\u00a0Etude des s\u00e9ismes.<\/h2>\n<p><a href=\"http:\/\/svtocsl.free.fr\/4e-seismes\/3-repartition-seismes.html\" target=\"_blank\">R\u00e9partition des s\u00e9ismes dans le monde et contexte g\u00e9odynamique.<\/a><\/p>\n<p>Un s\u00e9isme correspond \u00e0 la<span style=\"color: #ff0000;\"> rupture brutale de roche<\/span> en profondeur.<\/p>\n<p>Cette rupture provoque une lib\u00e9ration d&rsquo;\u00e9nergie sous forme <span style=\"color: #ff0000;\">d&rsquo;ondes sismiques<\/span> qui se propagent dans toutes les directions.<\/p>\n<p>un s\u00e9isme peut se manifester par un modification du paysage.<\/p>\n<p>Les s\u00e9ismes peuvent engendrer des<span style=\"color: #ff0000;\"> d\u00e9g\u00e2ts mat\u00e9riels et humains<\/span>.<\/p>\n<p>\u00a0<\/p>\n<h1>\u00a0<\/h1>\n<\/div>\n<\/div>\n<\/div>\n<div id=\"panel-1400-0-0-5\" class=\"so-panel widget widget_sow-editor\" data-index=\"5\" data-style=\"{&quot;background_image_attachment&quot;:false,&quot;background_display&quot;:&quot;tile&quot;}\" >\n<div class=\"so-widget-sow-editor so-widget-sow-editor-base\">\n<div class=\"siteorigin-widget-tinymce textwidget\">\n<h2><span style=\"text-decoration: underline;\">5 \/ Etude du volcanisme.<\/span><\/h2>\n<p>&nbsp;<\/p>\n<p><iframe loading=\"lazy\" width=\"560\" height=\"315\" src=\"https:\/\/www.youtube.com\/embed\/WPdUZ7xOfnI\" frameborder=\"0\" allow=\"accelerometer; autoplay; encrypted-media; gyroscope; picture-in-picture\" allowfullscreen><\/iframe><\/p>\n<p><iframe loading=\"lazy\" width=\"560\" height=\"315\" src=\"https:\/\/www.youtube.com\/embed\/dY_3ggKg0Bc\" frameborder=\"0\" allow=\"accelerometer; autoplay; encrypted-media; gyroscope; picture-in-picture\" allowfullscreen><\/iframe><\/p>\n<p>iframe width=\u00a0\u00bb560&Prime; height=\u00a0\u00bb315&Prime; src=\u00a0\u00bbhttps:\/\/www.youtube.com\/embed\/NLhjNzQHphQ\u00a0\u00bb frameborder=\u00a0\u00bb0&Prime; allow=\u00a0\u00bbaccelerometer; autoplay; encrypted-media; gyroscope; picture-in-picture\u00a0\u00bb allowfullscreen><\/p>\n<p><iframe loading=\"lazy\" width=\"560\" height=\"315\" src=\"https:\/\/www.youtube.com\/embed\/VuQrUwFn6bU\" frameborder=\"0\" allow=\"accelerometer; autoplay; encrypted-media; gyroscope; picture-in-picture\" allowfullscreen><\/iframe><\/p>\n<p><iframe loading=\"lazy\" src=\"https:\/\/www.youtube.com\/embed\/KFExYVxVXDc?rel=0\" width=\"560\" height=\"315\" frameborder=\"0\" allowfullscreen=\"allowfullscreen\"><\/iframe><\/p>\n<p>R\u00e9partition du volcanisme mondiale.<\/p>\n<p><a href=\"https:\/\/www.logobio.fr\/?attachment_id=1500\" rel=\"attachment wp-att-1500\"><img loading=\"lazy\" decoding=\"async\" class=\"aligncenter size-full wp-image-1500\" src=\"https:\/\/www.logobio.fr\/wp-content\/uploads\/2016\/09\/carte-repartition-seisme-volcans-monde.jpg\" alt=\"carte-repartition-seisme-volcans-monde\" width=\"630\" height=\"393\" srcset=\"https:\/\/www.logobio.fr\/wp-content\/uploads\/2016\/09\/carte-repartition-seisme-volcans-monde.jpg 630w, https:\/\/www.logobio.fr\/wp-content\/uploads\/2016\/09\/carte-repartition-seisme-volcans-monde-300x187.jpg 300w\" sizes=\"(max-width: 630px) 100vw, 630px\" \/><\/a><\/p>\n<p>R\u00e9partition des deux types de volcans \u00e0 l&rsquo;\u00e9chelle mondiale.<\/p>\n<p><a href=\"https:\/\/www.logobio.fr\/?attachment_id=1538\" rel=\"attachment wp-att-1538\"><img loading=\"lazy\" decoding=\"async\" class=\"aligncenter size-full wp-image-1538\" src=\"https:\/\/www.logobio.fr\/wp-content\/uploads\/2016\/10\/repartition-Volcans-effusifs-explosifs.jpg\" alt=\"repartition-volcans-effusifs-explosifs\" width=\"850\" height=\"423\" srcset=\"https:\/\/www.logobio.fr\/wp-content\/uploads\/2016\/10\/repartition-Volcans-effusifs-explosifs.jpg 850w, https:\/\/www.logobio.fr\/wp-content\/uploads\/2016\/10\/repartition-Volcans-effusifs-explosifs-300x149.jpg 300w, https:\/\/www.logobio.fr\/wp-content\/uploads\/2016\/10\/repartition-Volcans-effusifs-explosifs-768x382.jpg 768w\" sizes=\"(max-width: 850px) 100vw, 850px\" \/><\/a><\/p>\n<p><a href=\"http:\/\/svtocsl.free.fr\/4e-volcanisme\/1-eruption-effusive-explosive.html\" target=\"_blank\" rel=\"noopener\">Mod\u00e9lisation des deux types d&rsquo;\u00e9ruptions volcaniques.<\/a><\/p>\n<p><a href=\"http:\/\/svtocsl.free.fr\/4e-volcanisme\/2-repartition-volcans.html\" target=\"_blank\" rel=\"noopener\">Relation volcanisme\/contexte g\u00e9odynamique.<\/a><\/p>\n<h1><\/h1>\n<\/div>\n<\/div>\n<\/div>\n<div id=\"panel-1400-0-0-6\" class=\"so-panel widget widget_sow-editor panel-last-child\" data-index=\"6\" data-style=\"{&quot;background_display&quot;:&quot;tile&quot;}\" >\n<div class=\"so-widget-sow-editor so-widget-sow-editor-base\">\n<div class=\"siteorigin-widget-tinymce textwidget\">\n<h2><span style=\"text-decoration: underline;\">6 \/ Relation entre l&rsquo;activit\u00e9 interne du globe et les mouvements de plaques.<\/span><\/h2>\n<h1>\u00a0<\/h1>\n<p><iframe loading=\"lazy\" src=\"\/\/www.svt.ac-versailles.fr\/spip.php?page=video&amp;id_article=519\" width=\"460\" height=\"350\" frameborder=\"0\"><\/iframe><\/p>\n<p><iframe loading=\"lazy\" src=\"\/\/www.svt.ac-versailles.fr\/spip.php?page=video&amp;id_article=750\" width=\"460\" height=\"350\" frameborder=\"0\"><\/iframe><\/p>\n<p>mod\u00e8le de cellule de convection:<a href=\"https:\/\/www.logobio.fr\/?attachment_id=1573\" rel=\"attachment wp-att-1573\"><img loading=\"lazy\" decoding=\"async\" class=\"aligncenter size-full wp-image-1573\" src=\"https:\/\/www.logobio.fr\/wp-content\/uploads\/2016\/10\/200px-Convection.gif\" alt=\"200px-convection\" width=\"200\" height=\"150\" \/><\/a><\/p>\n<p>\u00a0<\/p>\n<p>\u00a0<\/p>\n<\/div>\n<\/div>\n<\/div>\n<\/div>\n<\/div>\n<\/div>\n","protected":false},"excerpt":{"rendered":"<p>L&rsquo;observation des ph\u00e9nom\u00e8nes g\u00e9ologiques comme les activit\u00e9s sismiques et le volcanisme montre que la Terre est une plan\u00e8te active. \u00a0 \u00a0 \u00a0 \u00a0 \u00a0 1 \/ R\u00e9partition du volcanisme et des s\u00e9ismes \u00e0 l&rsquo;\u00e9chelle mondiale . Sch\u00e9ma de la r\u00e9partition des s\u00e9ismes et volcans \u00e0 l&rsquo;\u00e9chelle mondiale d\u00e9limitation des zones de l&rsquo;activit\u00e9 interne du globe [&hellip;]<\/p>\n","protected":false},"author":1,"featured_media":0,"parent":1220,"menu_order":2,"comment_status":"closed","ping_status":"closed","template":"","meta":{"footnotes":""},"_links":{"self":[{"href":"https:\/\/www.logobio.fr\/index.php?rest_route=\/wp\/v2\/pages\/1400"}],"collection":[{"href":"https:\/\/www.logobio.fr\/index.php?rest_route=\/wp\/v2\/pages"}],"about":[{"href":"https:\/\/www.logobio.fr\/index.php?rest_route=\/wp\/v2\/types\/page"}],"author":[{"embeddable":true,"href":"https:\/\/www.logobio.fr\/index.php?rest_route=\/wp\/v2\/users\/1"}],"replies":[{"embeddable":true,"href":"https:\/\/www.logobio.fr\/index.php?rest_route=%2Fwp%2Fv2%2Fcomments&post=1400"}],"version-history":[{"count":28,"href":"https:\/\/www.logobio.fr\/index.php?rest_route=\/wp\/v2\/pages\/1400\/revisions"}],"predecessor-version":[{"id":2475,"href":"https:\/\/www.logobio.fr\/index.php?rest_route=\/wp\/v2\/pages\/1400\/revisions\/2475"}],"up":[{"embeddable":true,"href":"https:\/\/www.logobio.fr\/index.php?rest_route=\/wp\/v2\/pages\/1220"}],"wp:attachment":[{"href":"https:\/\/www.logobio.fr\/index.php?rest_route=%2Fwp%2Fv2%2Fmedia&parent=1400"}],"curies":[{"name":"wp","href":"https:\/\/api.w.org\/{rel}","templated":true}]}}