{"id":1220,"date":"2016-03-14T21:24:42","date_gmt":"2016-03-14T20:24:42","guid":{"rendered":"http:\/\/www.logobio.fr\/?page_id=1220"},"modified":"2020-09-27T09:59:33","modified_gmt":"2020-09-27T08:59:33","slug":"la-planete-terre-lenvironnement-et-laction-humain","status":"publish","type":"page","link":"https:\/\/www.logobio.fr\/?page_id=1220","title":{"rendered":"La planete terre, l\u2019environnement et l\u2019action humain"},"content":{"rendered":"<div id=\"pl-1220\" class=\"panel-layout\">\n<div id=\"pg-1220-0\" class=\"panel-grid panel-has-style\" data-style=\"{&quot;background_display&quot;:&quot;tile&quot;,&quot;row_stretch&quot;:&quot;full-stretched&quot;,&quot;cell_alignment&quot;:&quot;flex-start&quot;}\" data-ratio=\"1\" data-ratio-direction=\"right\">\n<div class=\"siteorigin-panels-stretch panel-row-style panel-row-style-for-1220-0\" data-stretch-type=\"full-stretched\">\n<div id=\"pgc-1220-0-0\" class=\"panel-grid-cell\" data-weight=\"0.33333333333333\">\n<div id=\"panel-1220-0-0-0\" class=\"so-panel widget widget_sow-editor panel-first-child panel-last-child\" data-index=\"0\" data-style=\"{&quot;background_display&quot;:&quot;tile&quot;}\">\n<div class=\"so-widget-sow-editor so-widget-sow-editor-base\">\n<div class=\"siteorigin-widget-tinymce textwidget\">\n<h2 style=\"text-align: center;\"><a href=\"https:\/\/www.logobio.fr\/?page_id=1397\">Chapitre 1 : La terre dans le syst\u00e8me solaire<\/a><\/h2>\n<\/div>\n<\/div>\n<\/div>\n<\/div>\n<div id=\"pgc-1220-0-1\" class=\"panel-grid-cell\" data-weight=\"0.33333333333333\">\n<div id=\"panel-1220-0-1-0\" class=\"so-panel widget widget_sow-editor panel-first-child panel-last-child\" data-index=\"1\" data-style=\"{&quot;background_display&quot;:&quot;tile&quot;}\">\n<div class=\"so-widget-sow-editor so-widget-sow-editor-base\">\n<div class=\"siteorigin-widget-tinymce textwidget\">\n<h2><a href=\"https:\/\/www.logobio.fr\/?page_id=1400\">Chapitre 2 : G\u00e9odynamique terrestre et enjeux pour l&rsquo;\u00eatre humain.<\/a><\/h2>\n<\/div>\n<\/div>\n<\/div>\n<\/div>\n<div id=\"pgc-1220-0-2\" class=\"panel-grid-cell\" data-weight=\"0.33333333333333\">\n<div id=\"panel-1220-0-2-0\" class=\"so-panel widget widget_black-studio-tinymce widget_black_studio_tinymce panel-first-child panel-last-child\" data-index=\"2\" data-style=\"{&quot;background_display&quot;:&quot;tile&quot;}\">\n<div class=\"textwidget\">\n<h2><a href=\"https:\/\/www.logobio.fr\/?page_id=1403\">Chapitre 3 : Ph\u00e9nom\u00e8nes m\u00e9t\u00e9orologiques et climatiques.<\/a><\/h2>\n<\/div>\n<\/div>\n<\/div>\n<\/div>\n<\/div>\n<div id=\"pg-1220-2\" class=\"panel-grid panel-has-style\" data-style=\"{&quot;background_display&quot;:&quot;tile&quot;,&quot;row_stretch&quot;:&quot;full-stretched&quot;,&quot;cell_alignment&quot;:&quot;flex-start&quot;}\" data-ratio=\"1\" data-ratio-direction=\"right\">\n<div class=\"siteorigin-panels-stretch panel-row-style panel-row-style-for-1220-2\" data-stretch-type=\"full-stretched\">\n<div id=\"pgc-1220-2-0\" class=\"panel-grid-cell\" data-weight=\"0.33333333333333\">\n<div id=\"panel-1220-2-0-0\" class=\"so-panel widget widget_black-studio-tinymce widget_black_studio_tinymce panel-first-child panel-last-child\" data-index=\"6\" data-style=\"{&quot;background_display&quot;:&quot;tile&quot;}\">\n<div class=\"textwidget\">\n<h2><a href=\"https:\/\/www.logobio.fr\/?page_id=1405\">Chapitre 4 : Les risques environnementaux et la gestion de l&rsquo;Homme.<\/a><\/h2>\n<\/div>\n<\/div>\n<\/div>\n<div id=\"pgc-1220-2-1\" class=\"panel-grid-cell\" data-weight=\"0.33333333333333\">\n<div id=\"panel-1220-2-1-0\" class=\"so-panel widget widget_sow-editor panel-first-child panel-last-child\" data-index=\"7\" data-style=\"{&quot;background_display&quot;:&quot;tile&quot;}\">\n<div class=\"so-widget-sow-editor so-widget-sow-editor-base\">\n<div class=\"siteorigin-widget-tinymce textwidget\">\n<h2><a href=\"https:\/\/www.logobio.fr\/?page_id=1407\">Chapitre 5 : L&rsquo;exploitation des ressources naturelles.<\/a><\/h2>\n<\/div>\n<\/div>\n<\/div>\n<\/div>\n<div id=\"pgc-1220-2-2\" class=\"panel-grid-cell\" data-weight=\"0.33333333333333\">\n<div id=\"panel-1220-2-2-0\" class=\"so-panel widget widget_sow-editor panel-first-child panel-last-child\" data-index=\"8\" data-style=\"{&quot;background_display&quot;:&quot;tile&quot;}\">\n<div class=\"so-widget-sow-editor so-widget-sow-editor-base\">\n<div class=\"siteorigin-widget-tinymce textwidget\">\n<h2><a href=\"https:\/\/www.logobio.fr\/?page_id=1409\">Chapitre 6 : Ecosyst\u00e8mes et activit\u00e9s humaines.<\/a><\/h2>\n<\/div>\n<\/div>\n<\/div>\n<\/div>\n<\/div>\n<\/div>\n<\/div>\n\n\n<p><\/p>\n","protected":false},"excerpt":{"rendered":"<p>Chapitre 1 : La terre dans le syst\u00e8me solaire Chapitre 2 : G\u00e9odynamique terrestre et enjeux pour l&rsquo;\u00eatre humain. Chapitre 3 : Ph\u00e9nom\u00e8nes m\u00e9t\u00e9orologiques et climatiques. Chapitre 4 : Les risques environnementaux et la gestion de l&rsquo;Homme. Chapitre 5 : L&rsquo;exploitation des ressources naturelles. Chapitre 6 : Ecosyst\u00e8mes et activit\u00e9s humaines.<\/p>\n","protected":false},"author":1,"featured_media":0,"parent":0,"menu_order":1,"comment_status":"closed","ping_status":"open","template":"","meta":{"footnotes":""},"_links":{"self":[{"href":"https:\/\/www.logobio.fr\/index.php?rest_route=\/wp\/v2\/pages\/1220"}],"collection":[{"href":"https:\/\/www.logobio.fr\/index.php?rest_route=\/wp\/v2\/pages"}],"about":[{"href":"https:\/\/www.logobio.fr\/index.php?rest_route=\/wp\/v2\/types\/page"}],"author":[{"embeddable":true,"href":"https:\/\/www.logobio.fr\/index.php?rest_route=\/wp\/v2\/users\/1"}],"replies":[{"embeddable":true,"href":"https:\/\/www.logobio.fr\/index.php?rest_route=%2Fwp%2Fv2%2Fcomments&post=1220"}],"version-history":[{"count":74,"href":"https:\/\/www.logobio.fr\/index.php?rest_route=\/wp\/v2\/pages\/1220\/revisions"}],"predecessor-version":[{"id":2722,"href":"https:\/\/www.logobio.fr\/index.php?rest_route=\/wp\/v2\/pages\/1220\/revisions\/2722"}],"wp:attachment":[{"href":"https:\/\/www.logobio.fr\/index.php?rest_route=%2Fwp%2Fv2%2Fmedia&parent=1220"}],"curies":[{"name":"wp","href":"https:\/\/api.w.org\/{rel}","templated":true}]}}